{"id":1592,"date":"2024-12-20T22:45:54","date_gmt":"2024-12-20T22:45:54","guid":{"rendered":"https:\/\/karate.at\/meisterschaften\/?page_id=1592"},"modified":"2025-01-01T18:17:58","modified_gmt":"2025-01-01T18:17:58","slug":"news","status":"publish","type":"page","link":"https:\/\/karate.at\/meisterschaften\/em2025\/news\/","title":{"rendered":"News"},"content":{"rendered":"\t\t<div data-elementor-type=\"wp-page\" data-elementor-id=\"1592\" class=\"elementor elementor-1592\" data-elementor-post-type=\"page\">\n\t\t\t\t<div class=\"elementor-element elementor-element-9d86f51 e-flex e-con-boxed e-con e-parent\" data-id=\"9d86f51\" data-element_type=\"container\">\n\t\t\t\t\t<div class=\"e-con-inner\">\n\t\t\t\t<div class=\"elementor-element elementor-element-221c74f elementor-grid-3 elementor-grid-tablet-2 elementor-grid-mobile-1 elementor-posts--thumbnail-top elementor-widget elementor-widget-posts\" data-id=\"221c74f\" data-element_type=\"widget\" data-settings=\"{&quot;pagination_type&quot;:&quot;prev_next&quot;,&quot;classic_columns&quot;:&quot;3&quot;,&quot;classic_columns_tablet&quot;:&quot;2&quot;,&quot;classic_columns_mobile&quot;:&quot;1&quot;,&quot;classic_row_gap&quot;:{&quot;unit&quot;:&quot;px&quot;,&quot;size&quot;:35,&quot;sizes&quot;:[]},&quot;classic_row_gap_tablet&quot;:{&quot;unit&quot;:&quot;px&quot;,&quot;size&quot;:&quot;&quot;,&quot;sizes&quot;:[]},&quot;classic_row_gap_mobile&quot;:{&quot;unit&quot;:&quot;px&quot;,&quot;size&quot;:&quot;&quot;,&quot;sizes&quot;:[]}}\" data-widget_type=\"posts.classic\">\n\t\t\t\t<div class=\"elementor-widget-container\">\n\t\t\t\t\t<div class=\"elementor-posts-container elementor-posts elementor-posts--skin-classic elementor-grid\">\n\t\t\t\t<article class=\"elementor-post elementor-grid-item post-2284 post type-post status-publish format-standard has-post-thumbnail hentry category-em2025\">\n\t\t\t\t<a class=\"elementor-post__thumbnail__link\" href=\"https:\/\/karate.at\/meisterschaften\/ein-finaler-rueckblick-ein-grosses-dankeschoen-ein-kurzer-ausblick\/\" tabindex=\"-1\" >\n\t\t\t<div class=\"elementor-post__thumbnail\"><img fetchpriority=\"high\" decoding=\"async\" width=\"300\" height=\"200\" src=\"https:\/\/karate.at\/meisterschaften\/wp-content\/uploads\/2025\/04\/DSC3978-1-300x200.jpg\" class=\"attachment-medium size-medium wp-image-2289\" alt=\"\" srcset=\"https:\/\/karate.at\/meisterschaften\/wp-content\/uploads\/2025\/04\/DSC3978-1-300x200.jpg 300w, https:\/\/karate.at\/meisterschaften\/wp-content\/uploads\/2025\/04\/DSC3978-1-1024x683.jpg 1024w, https:\/\/karate.at\/meisterschaften\/wp-content\/uploads\/2025\/04\/DSC3978-1-768x512.jpg 768w, https:\/\/karate.at\/meisterschaften\/wp-content\/uploads\/2025\/04\/DSC3978-1-1536x1024.jpg 1536w, https:\/\/karate.at\/meisterschaften\/wp-content\/uploads\/2025\/04\/DSC3978-1.jpg 1920w\" sizes=\"(max-width: 300px) 100vw, 300px\" \/><\/div>\n\t\t<\/a>\n\t\t\t\t<div class=\"elementor-post__text\">\n\t\t\t\t<h3 class=\"elementor-post__title\">\n\t\t\t<a href=\"https:\/\/karate.at\/meisterschaften\/ein-finaler-rueckblick-ein-grosses-dankeschoen-ein-kurzer-ausblick\/\" >\n\t\t\t\tEin finaler R\u00fcckblick, ein gro\u00dfes Dankesch\u00f6n &amp; ein kurzer Ausblick\t\t\t<\/a>\n\t\t<\/h3>\n\t\t\t\t<div class=\"elementor-post__meta-data\">\n\t\t\t\t\t<span class=\"elementor-post-date\">\n\t\t\tApril 29, 2025\t\t<\/span>\n\t\t\t\t<span class=\"elementor-post-avatar\">\n\t\t\tKeine Kommentare\t\t<\/span>\n\t\t\t\t<\/div>\n\t\t\t\t<div class=\"elementor-post__excerpt\">\n\t\t\t<p>verfasst am 28.04.2025 von Daniel Muschick &amp; Harald Axmann Viele Monate intensiver Vorbereitungen, Planungen und gemeinsamer Trainings kulminierten in drei intensiven und erfreulich erfolgreichen Wettkampf-Tagen, die wir als \u00d6sterreichisches Nationalteam&nbsp;mit<\/p>\n\t\t<\/div>\n\t\t\n\t\t<a class=\"elementor-post__read-more\" href=\"https:\/\/karate.at\/meisterschaften\/ein-finaler-rueckblick-ein-grosses-dankeschoen-ein-kurzer-ausblick\/\" aria-label=\"Read more about Ein finaler R\u00fcckblick, ein gro\u00dfes Dankesch\u00f6n &amp; ein kurzer Ausblick\" tabindex=\"-1\" >\n\t\t\tWeiterlesen \u00bb\t\t<\/a>\n\n\t\t\t\t<\/div>\n\t\t\t\t<\/article>\n\t\t\t\t<article class=\"elementor-post elementor-grid-item post-2268 post type-post status-publish format-standard has-post-thumbnail hentry category-em2025\">\n\t\t\t\t<a class=\"elementor-post__thumbnail__link\" href=\"https:\/\/karate.at\/meisterschaften\/tag-7-teamwork-makes-the-dream-work\/\" tabindex=\"-1\" >\n\t\t\t<div class=\"elementor-post__thumbnail\"><img decoding=\"async\" width=\"300\" height=\"200\" src=\"https:\/\/karate.at\/meisterschaften\/wp-content\/uploads\/2025\/04\/DSC3946-300x200.jpg\" class=\"attachment-medium size-medium wp-image-2275\" alt=\"\" srcset=\"https:\/\/karate.at\/meisterschaften\/wp-content\/uploads\/2025\/04\/DSC3946-300x200.jpg 300w, https:\/\/karate.at\/meisterschaften\/wp-content\/uploads\/2025\/04\/DSC3946-1024x683.jpg 1024w, https:\/\/karate.at\/meisterschaften\/wp-content\/uploads\/2025\/04\/DSC3946-768x512.jpg 768w, https:\/\/karate.at\/meisterschaften\/wp-content\/uploads\/2025\/04\/DSC3946-1536x1024.jpg 1536w, https:\/\/karate.at\/meisterschaften\/wp-content\/uploads\/2025\/04\/DSC3946.jpg 1920w\" sizes=\"(max-width: 300px) 100vw, 300px\" \/><\/div>\n\t\t<\/a>\n\t\t\t\t<div class=\"elementor-post__text\">\n\t\t\t\t<h3 class=\"elementor-post__title\">\n\t\t\t<a href=\"https:\/\/karate.at\/meisterschaften\/tag-7-teamwork-makes-the-dream-work\/\" >\n\t\t\t\tTag 7 &#8211; Teamwork makes the dream work\t\t\t<\/a>\n\t\t<\/h3>\n\t\t\t\t<div class=\"elementor-post__meta-data\">\n\t\t\t\t\t<span class=\"elementor-post-date\">\n\t\t\tApril 28, 2025\t\t<\/span>\n\t\t\t\t<span class=\"elementor-post-avatar\">\n\t\t\tKeine Kommentare\t\t<\/span>\n\t\t\t\t<\/div>\n\t\t\t\t<div class=\"elementor-post__excerpt\">\n\t\t\t<p>verfasst am 27.04.2025 von den Fans Markus Job &amp; Julian Bretschneider Am dritten und letzten Wettkampftag sind die Teambewerbe an der Reihe. \u00d6sterreich ist mit den M\u00e4nnern jeweils bei den<\/p>\n\t\t<\/div>\n\t\t\n\t\t<a class=\"elementor-post__read-more\" href=\"https:\/\/karate.at\/meisterschaften\/tag-7-teamwork-makes-the-dream-work\/\" aria-label=\"Read more about Tag 7 &#8211; Teamwork makes the dream work\" tabindex=\"-1\" >\n\t\t\tWeiterlesen \u00bb\t\t<\/a>\n\n\t\t\t\t<\/div>\n\t\t\t\t<\/article>\n\t\t\t\t<article class=\"elementor-post elementor-grid-item post-2248 post type-post status-publish format-standard has-post-thumbnail hentry category-em2025\">\n\t\t\t\t<a class=\"elementor-post__thumbnail__link\" href=\"https:\/\/karate.at\/meisterschaften\/tag-6-mit-leidenschaft-zu-neuen-hoehen\/\" tabindex=\"-1\" >\n\t\t\t<div class=\"elementor-post__thumbnail\"><img decoding=\"async\" width=\"300\" height=\"200\" src=\"https:\/\/karate.at\/meisterschaften\/wp-content\/uploads\/2025\/04\/DSC3768-300x200.jpg\" class=\"attachment-medium size-medium wp-image-2262\" alt=\"\" srcset=\"https:\/\/karate.at\/meisterschaften\/wp-content\/uploads\/2025\/04\/DSC3768-300x200.jpg 300w, https:\/\/karate.at\/meisterschaften\/wp-content\/uploads\/2025\/04\/DSC3768-1024x683.jpg 1024w, https:\/\/karate.at\/meisterschaften\/wp-content\/uploads\/2025\/04\/DSC3768-768x512.jpg 768w, https:\/\/karate.at\/meisterschaften\/wp-content\/uploads\/2025\/04\/DSC3768-1536x1024.jpg 1536w, https:\/\/karate.at\/meisterschaften\/wp-content\/uploads\/2025\/04\/DSC3768.jpg 1920w\" sizes=\"(max-width: 300px) 100vw, 300px\" \/><\/div>\n\t\t<\/a>\n\t\t\t\t<div class=\"elementor-post__text\">\n\t\t\t\t<h3 class=\"elementor-post__title\">\n\t\t\t<a href=\"https:\/\/karate.at\/meisterschaften\/tag-6-mit-leidenschaft-zu-neuen-hoehen\/\" >\n\t\t\t\tTag 6 &#8211; Mit Leidenschaft zu neuen\u00a0H\u00f6hen\t\t\t<\/a>\n\t\t<\/h3>\n\t\t\t\t<div class=\"elementor-post__meta-data\">\n\t\t\t\t\t<span class=\"elementor-post-date\">\n\t\t\tApril 27, 2025\t\t<\/span>\n\t\t\t\t<span class=\"elementor-post-avatar\">\n\t\t\tKeine Kommentare\t\t<\/span>\n\t\t\t\t<\/div>\n\t\t\t\t<div class=\"elementor-post__excerpt\">\n\t\t\t<p>verfasst am 26.04.2025 von &#8222;Fan&#8220; Daniel Jovic Der zweite Turniertag der Europameisterschaften begann ruhig. Die Halle war noch leer, die Stimmung konzentriert, fast and\u00e4chtig. Doch es war klar, dass dieser<\/p>\n\t\t<\/div>\n\t\t\n\t\t<a class=\"elementor-post__read-more\" href=\"https:\/\/karate.at\/meisterschaften\/tag-6-mit-leidenschaft-zu-neuen-hoehen\/\" aria-label=\"Read more about Tag 6 &#8211; Mit Leidenschaft zu neuen\u00a0H\u00f6hen\" tabindex=\"-1\" >\n\t\t\tWeiterlesen \u00bb\t\t<\/a>\n\n\t\t\t\t<\/div>\n\t\t\t\t<\/article>\n\t\t\t\t<article class=\"elementor-post elementor-grid-item post-2218 post type-post status-publish format-standard has-post-thumbnail hentry category-em2025\">\n\t\t\t\t<a class=\"elementor-post__thumbnail__link\" href=\"https:\/\/karate.at\/meisterschaften\/tag-5-nicht-alle-veteranen-sind-im-ruhestand\/\" tabindex=\"-1\" >\n\t\t\t<div class=\"elementor-post__thumbnail\"><img loading=\"lazy\" decoding=\"async\" width=\"300\" height=\"200\" src=\"https:\/\/karate.at\/meisterschaften\/wp-content\/uploads\/2025\/04\/DSC3534-300x200.jpg\" class=\"attachment-medium size-medium wp-image-2229\" alt=\"\" srcset=\"https:\/\/karate.at\/meisterschaften\/wp-content\/uploads\/2025\/04\/DSC3534-300x200.jpg 300w, https:\/\/karate.at\/meisterschaften\/wp-content\/uploads\/2025\/04\/DSC3534-1024x683.jpg 1024w, https:\/\/karate.at\/meisterschaften\/wp-content\/uploads\/2025\/04\/DSC3534-768x512.jpg 768w, https:\/\/karate.at\/meisterschaften\/wp-content\/uploads\/2025\/04\/DSC3534-1536x1024.jpg 1536w, https:\/\/karate.at\/meisterschaften\/wp-content\/uploads\/2025\/04\/DSC3534.jpg 1920w\" sizes=\"(max-width: 300px) 100vw, 300px\" \/><\/div>\n\t\t<\/a>\n\t\t\t\t<div class=\"elementor-post__text\">\n\t\t\t\t<h3 class=\"elementor-post__title\">\n\t\t\t<a href=\"https:\/\/karate.at\/meisterschaften\/tag-5-nicht-alle-veteranen-sind-im-ruhestand\/\" >\n\t\t\t\tTag 5 &#8211; Nicht alle Veteranen sind im Ruhestand!\t\t\t<\/a>\n\t\t<\/h3>\n\t\t\t\t<div class=\"elementor-post__meta-data\">\n\t\t\t\t\t<span class=\"elementor-post-date\">\n\t\t\tApril 26, 2025\t\t<\/span>\n\t\t\t\t<span class=\"elementor-post-avatar\">\n\t\t\tKeine Kommentare\t\t<\/span>\n\t\t\t\t<\/div>\n\t\t\t\t<div class=\"elementor-post__excerpt\">\n\t\t\t<p>verfasst am 25.04.2025 von Gabriel Kratzer &amp; Verena Schranzhofer Dass P\u00fcnktlichkeit nicht die St\u00e4rke unserer Gastgeber ist, wurde uns heute einmal mehr bewusst: der knapp getaktete Zeitplan der Transferbusse und<\/p>\n\t\t<\/div>\n\t\t\n\t\t<a class=\"elementor-post__read-more\" href=\"https:\/\/karate.at\/meisterschaften\/tag-5-nicht-alle-veteranen-sind-im-ruhestand\/\" aria-label=\"Read more about Tag 5 &#8211; Nicht alle Veteranen sind im Ruhestand!\" tabindex=\"-1\" >\n\t\t\tWeiterlesen \u00bb\t\t<\/a>\n\n\t\t\t\t<\/div>\n\t\t\t\t<\/article>\n\t\t\t\t<article class=\"elementor-post elementor-grid-item post-2205 post type-post status-publish format-standard has-post-thumbnail hentry category-em2025\">\n\t\t\t\t<a class=\"elementor-post__thumbnail__link\" href=\"https:\/\/karate.at\/meisterschaften\/tag-4-und-langsam-wirds-ernst\/\" tabindex=\"-1\" >\n\t\t\t<div class=\"elementor-post__thumbnail\"><img loading=\"lazy\" decoding=\"async\" width=\"300\" height=\"199\" src=\"https:\/\/karate.at\/meisterschaften\/wp-content\/uploads\/2025\/04\/DSC_0822-300x199.jpg\" class=\"attachment-medium size-medium wp-image-2211\" alt=\"\" srcset=\"https:\/\/karate.at\/meisterschaften\/wp-content\/uploads\/2025\/04\/DSC_0822-300x199.jpg 300w, https:\/\/karate.at\/meisterschaften\/wp-content\/uploads\/2025\/04\/DSC_0822-1024x678.jpg 1024w, https:\/\/karate.at\/meisterschaften\/wp-content\/uploads\/2025\/04\/DSC_0822-768x509.jpg 768w, https:\/\/karate.at\/meisterschaften\/wp-content\/uploads\/2025\/04\/DSC_0822-1536x1018.jpg 1536w, https:\/\/karate.at\/meisterschaften\/wp-content\/uploads\/2025\/04\/DSC_0822.jpg 1920w\" sizes=\"(max-width: 300px) 100vw, 300px\" \/><\/div>\n\t\t<\/a>\n\t\t\t\t<div class=\"elementor-post__text\">\n\t\t\t\t<h3 class=\"elementor-post__title\">\n\t\t\t<a href=\"https:\/\/karate.at\/meisterschaften\/tag-4-und-langsam-wirds-ernst\/\" >\n\t\t\t\tTag 4 &#8211; Und langsam wird&#8217;s ernst&#8230;\t\t\t<\/a>\n\t\t<\/h3>\n\t\t\t\t<div class=\"elementor-post__meta-data\">\n\t\t\t\t\t<span class=\"elementor-post-date\">\n\t\t\tApril 25, 2025\t\t<\/span>\n\t\t\t\t<span class=\"elementor-post-avatar\">\n\t\t\tKeine Kommentare\t\t<\/span>\n\t\t\t\t<\/div>\n\t\t\t\t<div class=\"elementor-post__excerpt\">\n\t\t\t<p>verfasst am 24.04.2025 von Florian &amp; Christoph Schnitzinger Unsere Masters stehen in den Startl\u00f6chern, die Spannung steigt, aber vorher: Showtime f\u00fcr ein letztes gro\u00dfes Aufw\u00e4rmen. Der heutige Tag hatte alles<\/p>\n\t\t<\/div>\n\t\t\n\t\t<a class=\"elementor-post__read-more\" href=\"https:\/\/karate.at\/meisterschaften\/tag-4-und-langsam-wirds-ernst\/\" aria-label=\"Read more about Tag 4 &#8211; Und langsam wird&#8217;s ernst&#8230;\" tabindex=\"-1\" >\n\t\t\tWeiterlesen \u00bb\t\t<\/a>\n\n\t\t\t\t<\/div>\n\t\t\t\t<\/article>\n\t\t\t\t<article class=\"elementor-post elementor-grid-item post-2175 post type-post status-publish format-standard has-post-thumbnail hentry category-em2025\">\n\t\t\t\t<a class=\"elementor-post__thumbnail__link\" href=\"https:\/\/karate.at\/meisterschaften\/tag-3-von-der-waage-zur-welle-teamwork-und-regeneration\/\" tabindex=\"-1\" >\n\t\t\t<div class=\"elementor-post__thumbnail\"><img loading=\"lazy\" decoding=\"async\" width=\"300\" height=\"200\" src=\"https:\/\/karate.at\/meisterschaften\/wp-content\/uploads\/2025\/04\/IMG-20250423-WA0035-300x200.jpg\" class=\"attachment-medium size-medium wp-image-2188\" alt=\"\" srcset=\"https:\/\/karate.at\/meisterschaften\/wp-content\/uploads\/2025\/04\/IMG-20250423-WA0035-300x200.jpg 300w, https:\/\/karate.at\/meisterschaften\/wp-content\/uploads\/2025\/04\/IMG-20250423-WA0035-1024x683.jpg 1024w, https:\/\/karate.at\/meisterschaften\/wp-content\/uploads\/2025\/04\/IMG-20250423-WA0035-768x512.jpg 768w, https:\/\/karate.at\/meisterschaften\/wp-content\/uploads\/2025\/04\/IMG-20250423-WA0035-1536x1024.jpg 1536w, https:\/\/karate.at\/meisterschaften\/wp-content\/uploads\/2025\/04\/IMG-20250423-WA0035.jpg 1599w\" sizes=\"(max-width: 300px) 100vw, 300px\" \/><\/div>\n\t\t<\/a>\n\t\t\t\t<div class=\"elementor-post__text\">\n\t\t\t\t<h3 class=\"elementor-post__title\">\n\t\t\t<a href=\"https:\/\/karate.at\/meisterschaften\/tag-3-von-der-waage-zur-welle-teamwork-und-regeneration\/\" >\n\t\t\t\tTag 3 \u2013 Von der Waage zur Welle: Teamwork und Regeneration\t\t\t<\/a>\n\t\t<\/h3>\n\t\t\t\t<div class=\"elementor-post__meta-data\">\n\t\t\t\t\t<span class=\"elementor-post-date\">\n\t\t\tApril 24, 2025\t\t<\/span>\n\t\t\t\t<span class=\"elementor-post-avatar\">\n\t\t\tKeine Kommentare\t\t<\/span>\n\t\t\t\t<\/div>\n\t\t\t\t<div class=\"elementor-post__excerpt\">\n\t\t\t<p>verfasst am 23.04.2025 von Philipp Reitinger &amp; Dominik Piereder Der fr\u00fche Vogel sichert sich&#8230; Startnummer 001! W\u00e4hrend die meisten noch im gem\u00fctlichen Fr\u00fchst\u00fcck schwelgten, waren unsere Coaches bereits um 8:00<\/p>\n\t\t<\/div>\n\t\t\n\t\t<a class=\"elementor-post__read-more\" href=\"https:\/\/karate.at\/meisterschaften\/tag-3-von-der-waage-zur-welle-teamwork-und-regeneration\/\" aria-label=\"Read more about Tag 3 \u2013 Von der Waage zur Welle: Teamwork und Regeneration\" tabindex=\"-1\" >\n\t\t\tWeiterlesen \u00bb\t\t<\/a>\n\n\t\t\t\t<\/div>\n\t\t\t\t<\/article>\n\t\t\t\t<\/div>\n\t\t\n\t\t\t\t<div class=\"e-load-more-anchor\" data-page=\"1\" data-max-page=\"3\" data-next-page=\"https:\/\/karate.at\/meisterschaften\/wp-json\/wp\/v2\/pages\/1592\/page\/2\/\"><\/div>\n\t\t\t\t<nav class=\"elementor-pagination\" aria-label=\"Paginierung\">\n\t\t\t<span class=\"page-numbers prev\">&laquo; Voriger<\/span>\n<a class=\"page-numbers next\" href=\"https:\/\/karate.at\/meisterschaften\/wp-json\/wp\/v2\/pages\/1592\/page\/2\/\">N\u00e4chster &raquo;<\/a>\t\t<\/nav>\n\t\t\t\t<\/div>\n\t\t\t\t<\/div>\n\t\t\t\t<div class=\"elementor-element elementor-element-4249123 elementor-widget elementor-widget-spacer\" data-id=\"4249123\" data-element_type=\"widget\" data-widget_type=\"spacer.default\">\n\t\t\t\t<div class=\"elementor-widget-container\">\n\t\t\t\t\t<div class=\"elementor-spacer\">\n\t\t\t<div class=\"elementor-spacer-inner\"><\/div>\n\t\t<\/div>\n\t\t\t\t<\/div>\n\t\t\t\t<\/div>\n\t\t\t\t<div class=\"elementor-element elementor-element-f4fbffe elementor-widget-divider--view-line elementor-widget elementor-widget-divider\" data-id=\"f4fbffe\" data-element_type=\"widget\" data-widget_type=\"divider.default\">\n\t\t\t\t<div class=\"elementor-widget-container\">\n\t\t\t\t\t<div class=\"elementor-divider\">\n\t\t\t<span class=\"elementor-divider-separator\">\n\t\t\t\t\t\t<\/span>\n\t\t<\/div>\n\t\t\t\t<\/div>\n\t\t\t\t<\/div>\n\t\t\t\t\t<\/div>\n\t\t\t\t<\/div>\n\t\t\t\t<\/div>\n\t\t","protected":false},"excerpt":{"rendered":"","protected":false},"author":1,"featured_media":0,"parent":1405,"menu_order":0,"comment_status":"closed","ping_status":"closed","template":"","meta":{"footnotes":""},"class_list":["post-1592","page","type-page","status-publish","hentry"],"_links":{"self":[{"href":"https:\/\/karate.at\/meisterschaften\/wp-json\/wp\/v2\/pages\/1592","targetHints":{"allow":["GET"]}}],"collection":[{"href":"https:\/\/karate.at\/meisterschaften\/wp-json\/wp\/v2\/pages"}],"about":[{"href":"https:\/\/karate.at\/meisterschaften\/wp-json\/wp\/v2\/types\/page"}],"author":[{"embeddable":true,"href":"https:\/\/karate.at\/meisterschaften\/wp-json\/wp\/v2\/users\/1"}],"replies":[{"embeddable":true,"href":"https:\/\/karate.at\/meisterschaften\/wp-json\/wp\/v2\/comments?post=1592"}],"version-history":[{"count":25,"href":"https:\/\/karate.at\/meisterschaften\/wp-json\/wp\/v2\/pages\/1592\/revisions"}],"predecessor-version":[{"id":1850,"href":"https:\/\/karate.at\/meisterschaften\/wp-json\/wp\/v2\/pages\/1592\/revisions\/1850"}],"up":[{"embeddable":true,"href":"https:\/\/karate.at\/meisterschaften\/wp-json\/wp\/v2\/pages\/1405"}],"wp:attachment":[{"href":"https:\/\/karate.at\/meisterschaften\/wp-json\/wp\/v2\/media?parent=1592"}],"curies":[{"name":"wp","href":"https:\/\/api.w.org\/{rel}","templated":true}]}}