{"id":1593,"date":"2024-12-20T22:45:54","date_gmt":"2024-12-20T22:45:54","guid":{"rendered":"https:\/\/karate.at\/meisterschaften\/?page_id=1593"},"modified":"2026-01-03T12:47:26","modified_gmt":"2026-01-03T12:47:26","slug":"sponsoring-pakete","status":"publish","type":"page","link":"https:\/\/karate.at\/meisterschaften\/em2025\/sponsoring-pakete\/","title":{"rendered":"Sponsoring Pakete"},"content":{"rendered":"\t\t<div data-elementor-type=\"wp-page\" data-elementor-id=\"1593\" class=\"elementor elementor-1593\" data-elementor-post-type=\"page\">\n\t\t\t\t\t\t<section class=\"elementor-section elementor-top-section elementor-element elementor-element-6754d6f elementor-section-boxed elementor-section-height-default elementor-section-height-default\" data-id=\"6754d6f\" data-element_type=\"section\">\n\t\t\t\t\t\t<div class=\"elementor-container elementor-column-gap-default\">\n\t\t\t\t\t<div class=\"elementor-column elementor-col-100 elementor-top-column elementor-element elementor-element-27dcc59\" data-id=\"27dcc59\" data-element_type=\"column\">\n\t\t\t<div class=\"elementor-widget-wrap elementor-element-populated\">\n\t\t\t\t\t\t<div class=\"elementor-element elementor-element-6d208ee elementor-widget-divider--view-line elementor-widget elementor-widget-divider\" data-id=\"6d208ee\" data-element_type=\"widget\" data-widget_type=\"divider.default\">\n\t\t\t\t<div class=\"elementor-widget-container\">\n\t\t\t\t\t<div class=\"elementor-divider\">\n\t\t\t<span class=\"elementor-divider-separator\">\n\t\t\t\t\t\t<\/span>\n\t\t<\/div>\n\t\t\t\t<\/div>\n\t\t\t\t<\/div>\n\t\t\t\t\t<\/div>\n\t\t<\/div>\n\t\t\t\t\t<\/div>\n\t\t<\/section>\n\t\t\t\t<section class=\"elementor-section elementor-top-section elementor-element elementor-element-39645f0 elementor-section-boxed elementor-section-height-default elementor-section-height-default\" data-id=\"39645f0\" data-element_type=\"section\">\n\t\t\t\t\t\t<div class=\"elementor-container elementor-column-gap-default\">\n\t\t\t\t\t<div class=\"elementor-column elementor-col-100 elementor-top-column elementor-element elementor-element-cfa58b1\" data-id=\"cfa58b1\" data-element_type=\"column\">\n\t\t\t<div class=\"elementor-widget-wrap elementor-element-populated\">\n\t\t\t\t\t\t<div class=\"elementor-element elementor-element-0bdc5b4 elementor-widget elementor-widget-heading\" data-id=\"0bdc5b4\" data-element_type=\"widget\" data-widget_type=\"heading.default\">\n\t\t\t\t<div class=\"elementor-widget-container\">\n\t\t\t<h2 class=\"elementor-heading-title elementor-size-default\">Wir bedanken uns f\u00fcr jede Unterst\u00fctzung<\/h2>\t\t<\/div>\n\t\t\t\t<\/div>\n\t\t\t\t<div class=\"elementor-element elementor-element-4a5a84a elementor-widget elementor-widget-text-editor\" data-id=\"4a5a84a\" data-element_type=\"widget\" data-widget_type=\"text-editor.default\">\n\t\t\t\t<div class=\"elementor-widget-container\">\n\t\t\t\t\t\t\t<p>Karate ist nicht nur Sport \u2013 es ist eine Lebenseinstellung \u2013 und diese leben wir mit Freude!<\/p>\n<p><span style=\"font-size: 1rem;\">Mit besonderer Freude haben wir uns durch unseren kontinuierlichen Einsatz in den Trainings, Fortbildungen, Turnieren und Trainingslagern f\u00fcr die 16. SKIEF Europameisterschaften in <\/span>Heraklion (Kreta, Griechenland) qualifiziert. Dieser Einsatz ist neben der Begeisterung an Karate ebenso mit Kosten verbunden, f\u00fcr die neben dem non-Profit SKIAF Bundesverband, ebenso die einzelnen Teammitglieder privat aufkommen. Daher <span style=\"font-size: 1rem;\">w\u00e4re es f\u00fcr uns daher eine besondere Freude, wenn Sie uns finanziell in Form eines Sponsorings unterst\u00fctzen. Wir bieten Ihnen vier Sponsoringpakete mit vielf\u00e4ltigen Werbekontaktpunkten f\u00fcr Ihre Unternehmen an. Je fr\u00fcher Sie sich f\u00fcr die Buchung eines Sponsoringpaketes entscheiden, umso l\u00e4nger profitieren Sie von den Gegenleistungen!<\/span><\/p>\n<p>Ein Bild der Leistung \u201eLogo auf der Homepage unter der Rubrik EM\u201c k\u00f6nnen Sie sich unter dem Link den vergangenen <a href=\"https:\/\/www.karate.at\/wm2023\">Weltmeisterschaften 2023<\/a> und <a href=\"http:\/\/www.karate.at\/www\/em2022.php\" target=\"_blank\" rel=\"noopener\">Europameisterschaften 2022<\/a>&nbsp;machen.<\/p>\n<p>Zum Sponsoring k\u00f6nnen wir folgende Pakete zur Auswahl anbieten, wobei die h\u00f6heren Pakete kumulativ erworben werden k\u00f6nnen; d.h. sie beinhalten auch die Gegenleistungen der niedrigeren Sponsoring-Pakete.&nbsp;<\/p>\t\t\t\t\t\t<\/div>\n\t\t\t\t<\/div>\n\t\t\t\t\t<\/div>\n\t\t<\/div>\n\t\t\t\t\t<\/div>\n\t\t<\/section>\n\t\t\t\t<section class=\"elementor-section elementor-top-section elementor-element elementor-element-49d74a96 elementor-section-content-top elementor-section-boxed elementor-section-height-default elementor-section-height-default\" data-id=\"49d74a96\" data-element_type=\"section\">\n\t\t\t\t\t\t<div class=\"elementor-container elementor-column-gap-no\">\n\t\t\t\t\t<div class=\"elementor-column elementor-col-50 elementor-top-column elementor-element elementor-element-110535f\" data-id=\"110535f\" data-element_type=\"column\" data-settings=\"{&quot;background_background&quot;:&quot;classic&quot;}\">\n\t\t\t<div class=\"elementor-widget-wrap elementor-element-populated\">\n\t\t\t\t\t\t<div class=\"elementor-element elementor-element-6d60a57 elementor-widget elementor-widget-text-editor\" data-id=\"6d60a57\" data-element_type=\"widget\" data-widget_type=\"text-editor.default\">\n\t\t\t\t<div class=\"elementor-widget-container\">\n\t\t\t\t\t\t\t<h3><strong>Bronzepaket (\u20ac 100,&#8211;)<\/strong><\/h3><p>\u2022 Logo in einem Blogartikel auf der Homepage unter der Rubrik EM 2025<br \/>\u2022 Firmenlogo auf allen Turnier-Ausschreibungen 2025 der SKIAF<\/p>\t\t\t\t\t\t<\/div>\n\t\t\t\t<\/div>\n\t\t\t\t\t<\/div>\n\t\t<\/div>\n\t\t\t\t<div class=\"elementor-column elementor-col-50 elementor-top-column elementor-element elementor-element-33764919\" data-id=\"33764919\" data-element_type=\"column\" data-settings=\"{&quot;background_background&quot;:&quot;classic&quot;}\">\n\t\t\t<div class=\"elementor-widget-wrap elementor-element-populated\">\n\t\t\t\t\t\t<div class=\"elementor-element elementor-element-b48a81a elementor-widget elementor-widget-text-editor\" data-id=\"b48a81a\" data-element_type=\"widget\" data-widget_type=\"text-editor.default\">\n\t\t\t\t<div class=\"elementor-widget-container\">\n\t\t\t\t\t\t\t<h3><strong>Silberpaket (\u20ac 250,&#8211;)<\/strong><\/h3><p>\u2022 Firmenlogos in der Pr\u00e4sentation der Generalversammlung 2025 und 2026<br \/>\u2022 Firmenlogos auf den Protokollen der GV 2025 (das an alle Mitglieder versandt wird)<br \/>\u2022 Logo in der Fu\u00dfzeile der Homepage der EM 2025<\/p>\t\t\t\t\t\t<\/div>\n\t\t\t\t<\/div>\n\t\t\t\t\t<\/div>\n\t\t<\/div>\n\t\t\t\t\t<\/div>\n\t\t<\/section>\n\t\t\t\t<section class=\"elementor-section elementor-top-section elementor-element elementor-element-b276bcf elementor-section-content-top elementor-section-boxed elementor-section-height-default elementor-section-height-default\" data-id=\"b276bcf\" data-element_type=\"section\">\n\t\t\t\t\t\t<div class=\"elementor-container elementor-column-gap-no\">\n\t\t\t\t\t<div class=\"elementor-column elementor-col-50 elementor-top-column elementor-element elementor-element-c40c696\" data-id=\"c40c696\" data-element_type=\"column\" data-settings=\"{&quot;background_background&quot;:&quot;classic&quot;}\">\n\t\t\t<div class=\"elementor-widget-wrap elementor-element-populated\">\n\t\t\t\t\t\t<div class=\"elementor-element elementor-element-c1e0f9b elementor-widget elementor-widget-text-editor\" data-id=\"c1e0f9b\" data-element_type=\"widget\" data-widget_type=\"text-editor.default\">\n\t\t\t\t<div class=\"elementor-widget-container\">\n\t\t\t\t\t\t\t<h3><strong>Goldpaket (\u20ac 500,&#8211;)<\/strong><\/h3><p>\u2022 Firmentransparent wird auf allen Tageslehrg\u00e4ngen 2025 angebracht<br \/>\u2022 Firmenlogos in der Jahresabschlusspr\u00e4sentation 2025<br \/>\u2022 Social-Media Auftritt (Firmenlogos auf Instagram und Facebook)<br \/>\u2022 Foto des Nationalteams bei der EM 2025 mit Logo der Sponsoren und\/od. Merchandising-Produkt<\/p>\t\t\t\t\t\t<\/div>\n\t\t\t\t<\/div>\n\t\t\t\t\t<\/div>\n\t\t<\/div>\n\t\t\t\t<div class=\"elementor-column elementor-col-50 elementor-top-column elementor-element elementor-element-c4bbeda\" data-id=\"c4bbeda\" data-element_type=\"column\" data-settings=\"{&quot;background_background&quot;:&quot;classic&quot;}\">\n\t\t\t<div class=\"elementor-widget-wrap elementor-element-populated\">\n\t\t\t\t\t\t<div class=\"elementor-element elementor-element-cd2b894 elementor-widget elementor-widget-text-editor\" data-id=\"cd2b894\" data-element_type=\"widget\" data-widget_type=\"text-editor.default\">\n\t\t\t\t<div class=\"elementor-widget-container\">\n\t\t\t\t\t\t\t<h3><strong>Platinpaket (\u20ac 2.000,&#8211;)<\/strong><\/h3><ul><li>Team T-Shirt mit allen Platin-Sponsoren<\/li><li>Firmentransparent bei der \u00d6M 2025<\/li><li>Firmentransparent beim Sommerlager 2025<\/li><li>Firmentransparent beim Kindersommerlager 2025<\/li><li>Firmentransparent beim Internationalen Kyu-Turnier 2025<\/li><li>Firmentransparent beim Kawasoe Shihan Memorial Cup 2025<\/li><li>Sondernewsletter 2025 an alle SKIAF Mitglieder mit allen Platinsponsoren<\/li><\/ul>\t\t\t\t\t\t<\/div>\n\t\t\t\t<\/div>\n\t\t\t\t\t<\/div>\n\t\t<\/div>\n\t\t\t\t\t<\/div>\n\t\t<\/section>\n\t\t\t\t<section class=\"elementor-section elementor-top-section elementor-element elementor-element-22efbbc elementor-section-boxed elementor-section-height-default elementor-section-height-default\" data-id=\"22efbbc\" data-element_type=\"section\">\n\t\t\t\t\t\t<div class=\"elementor-container elementor-column-gap-default\">\n\t\t\t\t\t<div class=\"elementor-column elementor-col-100 elementor-top-column elementor-element elementor-element-6298d98\" data-id=\"6298d98\" data-element_type=\"column\">\n\t\t\t<div class=\"elementor-widget-wrap elementor-element-populated\">\n\t\t\t\t\t\t<div class=\"elementor-element elementor-element-1fde986 elementor-widget elementor-widget-heading\" data-id=\"1fde986\" data-element_type=\"widget\" data-widget_type=\"heading.default\">\n\t\t\t\t<div class=\"elementor-widget-container\">\n\t\t\t<h2 class=\"elementor-heading-title elementor-size-default\">Sponsoring Paket buchen<\/h2>\t\t<\/div>\n\t\t\t\t<\/div>\n\t\t\t\t<div class=\"elementor-element elementor-element-4fa7cd4 elementor-widget elementor-widget-text-editor\" data-id=\"4fa7cd4\" data-element_type=\"widget\" data-widget_type=\"text-editor.default\">\n\t\t\t\t<div class=\"elementor-widget-container\">\n\t\t\t\t\t\t\t<p><span style=\"font-size: 1rem;\">Sie m\u00f6chten uns finanziell in der Form eines Sponsorings unterst\u00fctzen? Das freut uns \u00fcberaus und m\u00f6chten uns bereits jetzt f\u00fcr Ihre Bereitschaft bedanken! Und so funktioniert das Sponsoring<\/span><\/p><ol><li>Bitte downloaden Sie das Sponsoring Formular \u00fcber den unten stehenden Button<\/li><li>F\u00fcllen Sie das Formular inkl. der Auswahl des gew\u00e4hlten Sponsoring-Pakets aus<\/li><li>Senden Sie uns bitte das Formular unterzeichnet retour an: <a href=\"mailto:sponsoring@karate.at\">sponsoring@karate.at<\/a><\/li><\/ol>\t\t\t\t\t\t<\/div>\n\t\t\t\t<\/div>\n\t\t\t\t<div class=\"elementor-element elementor-element-51f9d82 elementor-widget elementor-widget-text-editor\" data-id=\"51f9d82\" data-element_type=\"widget\" data-widget_type=\"text-editor.default\">\n\t\t\t\t<div class=\"elementor-widget-container\">\n\t\t\t\t\t\t\t<p>Im Anschluss erhalten Sie von uns eine Rechnung f\u00fcr Ihr gew\u00e4hltes Sponsoring-Paket mit der Bitte um \u00dcberweisung Ihres finanziellen Beitrags. Ab Zahlungseingang tritt die Sponsoring-Vereinbarung in Kraft und alle ausgew\u00e4hlten Leistungen werden von uns umgesetzt.<\/p><p>Bitte um Bereitstellung Ihres Firmenlogos in einem druckf\u00e4higen Format (mind. 900 Pixel und 300 dpi; ab Bronzepaket) bzw. Ihres Firmentransparents (max. Gr\u00f6\u00dfe: Richtma\u00df max. 5 x 2 m ab Goldpaket).<\/p>\t\t\t\t\t\t<\/div>\n\t\t\t\t<\/div>\n\t\t\t\t<div class=\"elementor-element elementor-element-f10516a elementor-widget elementor-widget-button\" data-id=\"f10516a\" data-element_type=\"widget\" data-widget_type=\"button.default\">\n\t\t\t\t<div class=\"elementor-widget-container\">\n\t\t\t\t\t\t\t<div class=\"elementor-button-wrapper\">\n\t\t\t\t\t<a class=\"elementor-button elementor-button-link elementor-size-sm\" href=\"https:\/\/karate.at\/meisterschaften\/wp-content\/uploads\/2023\/04\/Sponsoringmappe-Formular-Einzeln.pdf\" target=\"_blank\">\n\t\t\t\t\t\t<span class=\"elementor-button-content-wrapper\">\n\t\t\t\t\t\t\t\t\t<span class=\"elementor-button-text\">Download Sponsoring Formular<\/span>\n\t\t\t\t\t<\/span>\n\t\t\t\t\t<\/a>\n\t\t\t\t<\/div>\n\t\t\t\t\t\t<\/div>\n\t\t\t\t<\/div>\n\t\t\t\t<div class=\"elementor-element elementor-element-9b702a3 elementor-widget elementor-widget-spacer\" data-id=\"9b702a3\" data-element_type=\"widget\" data-widget_type=\"spacer.default\">\n\t\t\t\t<div class=\"elementor-widget-container\">\n\t\t\t\t\t<div class=\"elementor-spacer\">\n\t\t\t<div class=\"elementor-spacer-inner\"><\/div>\n\t\t<\/div>\n\t\t\t\t<\/div>\n\t\t\t\t<\/div>\n\t\t\t\t<div class=\"elementor-element elementor-element-96325b5 elementor-widget-divider--view-line elementor-widget elementor-widget-divider\" data-id=\"96325b5\" data-element_type=\"widget\" data-widget_type=\"divider.default\">\n\t\t\t\t<div class=\"elementor-widget-container\">\n\t\t\t\t\t<div class=\"elementor-divider\">\n\t\t\t<span class=\"elementor-divider-separator\">\n\t\t\t\t\t\t<\/span>\n\t\t<\/div>\n\t\t\t\t<\/div>\n\t\t\t\t<\/div>\n\t\t\t\t\t<\/div>\n\t\t<\/div>\n\t\t\t\t\t<\/div>\n\t\t<\/section>\n\t\t\t\t<\/div>\n\t\t","protected":false},"excerpt":{"rendered":"<p>Wir bedanken uns f\u00fcr jede Unterst\u00fctzung Karate ist nicht nur Sport \u2013 es ist eine Lebenseinstellung \u2013 und diese leben wir mit Freude! Mit besonderer Freude haben wir uns durch unseren kontinuierlichen Einsatz in den Trainings, Fortbildungen, Turnieren und Trainingslagern f\u00fcr die 16. SKIEF Europameisterschaften in Heraklion (Kreta, Griechenland) qualifiziert. Dieser Einsatz ist neben der [&hellip;]<\/p>\n","protected":false},"author":1,"featured_media":0,"parent":1405,"menu_order":0,"comment_status":"closed","ping_status":"closed","template":"","meta":{"footnotes":""},"class_list":["post-1593","page","type-page","status-publish","hentry"],"_links":{"self":[{"href":"https:\/\/karate.at\/meisterschaften\/wp-json\/wp\/v2\/pages\/1593","targetHints":{"allow":["GET"]}}],"collection":[{"href":"https:\/\/karate.at\/meisterschaften\/wp-json\/wp\/v2\/pages"}],"about":[{"href":"https:\/\/karate.at\/meisterschaften\/wp-json\/wp\/v2\/types\/page"}],"author":[{"embeddable":true,"href":"https:\/\/karate.at\/meisterschaften\/wp-json\/wp\/v2\/users\/1"}],"replies":[{"embeddable":true,"href":"https:\/\/karate.at\/meisterschaften\/wp-json\/wp\/v2\/comments?post=1593"}],"version-history":[{"count":13,"href":"https:\/\/karate.at\/meisterschaften\/wp-json\/wp\/v2\/pages\/1593\/revisions"}],"predecessor-version":[{"id":2021,"href":"https:\/\/karate.at\/meisterschaften\/wp-json\/wp\/v2\/pages\/1593\/revisions\/2021"}],"up":[{"embeddable":true,"href":"https:\/\/karate.at\/meisterschaften\/wp-json\/wp\/v2\/pages\/1405"}],"wp:attachment":[{"href":"https:\/\/karate.at\/meisterschaften\/wp-json\/wp\/v2\/media?parent=1593"}],"curies":[{"name":"wp","href":"https:\/\/api.w.org\/{rel}","templated":true}]}}