{"id":2316,"date":"2026-01-03T12:35:49","date_gmt":"2026-01-03T12:35:49","guid":{"rendered":"https:\/\/karate.at\/meisterschaften\/?page_id=2316"},"modified":"2026-02-11T11:47:07","modified_gmt":"2026-02-11T11:47:07","slug":"wm2026","status":"publish","type":"page","link":"https:\/\/karate.at\/meisterschaften\/wm2026\/","title":{"rendered":"WM2026"},"content":{"rendered":"\t\t<div data-elementor-type=\"wp-page\" data-elementor-id=\"2316\" class=\"elementor elementor-2316\" data-elementor-post-type=\"page\">\n\t\t\t\t\t\t<section class=\"elementor-section elementor-top-section elementor-element elementor-element-3b0716dd elementor-section-content-middle elementor-section-full_width elementor-section-height-default elementor-section-height-default\" data-id=\"3b0716dd\" data-element_type=\"section\" data-settings=\"{&quot;background_background&quot;:&quot;classic&quot;}\">\n\t\t\t\t\t\t<div class=\"elementor-container elementor-column-gap-no\">\n\t\t\t\t\t<div class=\"elementor-column elementor-col-50 elementor-top-column elementor-element elementor-element-312d5ce9\" data-id=\"312d5ce9\" data-element_type=\"column\">\n\t\t\t<div class=\"elementor-widget-wrap elementor-element-populated\">\n\t\t\t\t\t\t<div class=\"elementor-element elementor-element-330f5c1e elementor-widget elementor-widget-heading\" data-id=\"330f5c1e\" data-element_type=\"widget\" data-widget_type=\"heading.default\">\n\t\t\t\t<div class=\"elementor-widget-container\">\n\t\t\t<h1 class=\"elementor-heading-title elementor-size-default\">15. SHOTOKAN KARATE-DO INTERNATIONAL FEDERATION (SKIF)<\/h1>\t\t<\/div>\n\t\t\t\t<\/div>\n\t\t\t\t<div class=\"elementor-element elementor-element-82d2d47 elementor-widget elementor-widget-heading\" data-id=\"82d2d47\" data-element_type=\"widget\" data-widget_type=\"heading.default\">\n\t\t\t\t<div class=\"elementor-widget-container\">\n\t\t\t<h1 class=\"elementor-heading-title elementor-size-default\">Welt\u00admeister\u00adschaften in Antalya, T\u00fcrkei\n(9.-15. November 2026)<\/h1>\t\t<\/div>\n\t\t\t\t<\/div>\n\t\t\t\t<div class=\"elementor-element elementor-element-3ca3a34f elementor-widget elementor-widget-text-editor\" data-id=\"3ca3a34f\" data-element_type=\"widget\" data-widget_type=\"text-editor.default\">\n\t\t\t\t<div class=\"elementor-widget-container\">\n\t\t\t\t\t\t\t<p data-start=\"99\" data-end=\"388\">Die <a href=\"http:\/\/www.karate.at\"><strong data-start=\"103\" data-end=\"166\">Shotokan Karatedo International Austrian Federation (SKIAF)<\/strong><\/a> \u2013 der Verband f\u00fcr traditionelles Shotokan Karatedo \u2013 wird 2026 das \u00f6sterreichische Nationalteam in die <strong data-start=\"270\" data-end=\"280\">T\u00fcrkei<\/strong> entsenden. Dort wird unser Team \u00d6sterreich bei den <a href=\"https:\/\/skif2026.org\/\"><strong data-start=\"332\" data-end=\"375\">XV. SKIF World Championships in Antalya<\/strong><\/a> vertreten.<\/p><p data-start=\"390\" data-end=\"706\">Auf dieser Seite findet ihr alles Wissenswerte zur <strong data-start=\"441\" data-end=\"452\">WM 2026<\/strong>: von den Teammitgliedern \u00fcber aktuelle Entwicklungen bis hin zu den M\u00f6glichkeiten, uns als Sponsor zu unterst\u00fctzen.<br data-start=\"568\" data-end=\"571\" \/>F\u00fcr <strong data-start=\"575\" data-end=\"610\">tagesaktuelle Infos und Updates<\/strong> rund um das \u00f6sterreichische Nationalteam schaut regelm\u00e4\u00dfig auf unserer <a href=\"https:\/\/karate.at\/meisterschaften\/wm2026\/news\/\"><strong data-start=\"682\" data-end=\"696\">News-Seite<\/strong><\/a> vorbei.<\/p>\t\t\t\t\t\t<\/div>\n\t\t\t\t<\/div>\n\t\t\t\t\t<\/div>\n\t\t<\/div>\n\t\t\t\t<div class=\"elementor-column elementor-col-50 elementor-top-column elementor-element elementor-element-7075c68f\" data-id=\"7075c68f\" data-element_type=\"column\">\n\t\t\t<div class=\"elementor-widget-wrap elementor-element-populated\">\n\t\t\t\t\t\t<div class=\"elementor-element elementor-element-2b5e5c98 elementor-widget elementor-widget-image\" data-id=\"2b5e5c98\" data-element_type=\"widget\" data-widget_type=\"image.default\">\n\t\t\t\t<div class=\"elementor-widget-container\">\n\t\t\t\t\t\t\t\t\t\t\t\t\t<img fetchpriority=\"high\" decoding=\"async\" width=\"2560\" height=\"1920\" src=\"https:\/\/karate.at\/meisterschaften\/wp-content\/uploads\/2026\/02\/IMG-20260209-WA0033_gedreht-scaled.jpg\" class=\"attachment-full size-full wp-image-2657\" alt=\"\" srcset=\"https:\/\/karate.at\/meisterschaften\/wp-content\/uploads\/2026\/02\/IMG-20260209-WA0033_gedreht-scaled.jpg 2560w, https:\/\/karate.at\/meisterschaften\/wp-content\/uploads\/2026\/02\/IMG-20260209-WA0033_gedreht-300x225.jpg 300w, https:\/\/karate.at\/meisterschaften\/wp-content\/uploads\/2026\/02\/IMG-20260209-WA0033_gedreht-1024x768.jpg 1024w, https:\/\/karate.at\/meisterschaften\/wp-content\/uploads\/2026\/02\/IMG-20260209-WA0033_gedreht-768x576.jpg 768w, https:\/\/karate.at\/meisterschaften\/wp-content\/uploads\/2026\/02\/IMG-20260209-WA0033_gedreht-1536x1152.jpg 1536w, https:\/\/karate.at\/meisterschaften\/wp-content\/uploads\/2026\/02\/IMG-20260209-WA0033_gedreht-2048x1536.jpg 2048w\" sizes=\"(max-width: 2560px) 100vw, 2560px\" \/>\t\t\t\t\t\t\t\t\t\t\t\t\t<\/div>\n\t\t\t\t<\/div>\n\t\t\t\t\t<\/div>\n\t\t<\/div>\n\t\t\t\t\t<\/div>\n\t\t<\/section>\n\t\t\t\t<\/div>\n\t\t","protected":false},"excerpt":{"rendered":"<p>15. SHOTOKAN KARATE-DO INTERNATIONAL FEDERATION (SKIF) Welt\u00admeister\u00adschaften in Antalya, T\u00fcrkei (9.-15. November 2026) Die Shotokan Karatedo International Austrian Federation (SKIAF) \u2013 der Verband f\u00fcr traditionelles Shotokan Karatedo \u2013 wird 2026 das \u00f6sterreichische Nationalteam in die T\u00fcrkei entsenden. Dort wird unser Team \u00d6sterreich bei den XV. SKIF World Championships in Antalya vertreten. Auf dieser Seite findet [&hellip;]<\/p>\n","protected":false},"author":1,"featured_media":0,"parent":0,"menu_order":0,"comment_status":"closed","ping_status":"closed","template":"","meta":{"footnotes":""},"class_list":["post-2316","page","type-page","status-publish","hentry"],"_links":{"self":[{"href":"https:\/\/karate.at\/meisterschaften\/wp-json\/wp\/v2\/pages\/2316","targetHints":{"allow":["GET"]}}],"collection":[{"href":"https:\/\/karate.at\/meisterschaften\/wp-json\/wp\/v2\/pages"}],"about":[{"href":"https:\/\/karate.at\/meisterschaften\/wp-json\/wp\/v2\/types\/page"}],"author":[{"embeddable":true,"href":"https:\/\/karate.at\/meisterschaften\/wp-json\/wp\/v2\/users\/1"}],"replies":[{"embeddable":true,"href":"https:\/\/karate.at\/meisterschaften\/wp-json\/wp\/v2\/comments?post=2316"}],"version-history":[{"count":17,"href":"https:\/\/karate.at\/meisterschaften\/wp-json\/wp\/v2\/pages\/2316\/revisions"}],"predecessor-version":[{"id":2661,"href":"https:\/\/karate.at\/meisterschaften\/wp-json\/wp\/v2\/pages\/2316\/revisions\/2661"}],"wp:attachment":[{"href":"https:\/\/karate.at\/meisterschaften\/wp-json\/wp\/v2\/media?parent=2316"}],"curies":[{"name":"wp","href":"https:\/\/api.w.org\/{rel}","templated":true}]}}