{"id":2334,"date":"2026-01-03T13:08:36","date_gmt":"2026-01-03T13:08:36","guid":{"rendered":"https:\/\/karate.at\/meisterschaften\/?page_id=2334"},"modified":"2026-01-03T13:30:39","modified_gmt":"2026-01-03T13:30:39","slug":"news","status":"publish","type":"page","link":"https:\/\/karate.at\/meisterschaften\/wm2026\/news\/","title":{"rendered":"News"},"content":{"rendered":"\t\t<div data-elementor-type=\"wp-page\" data-elementor-id=\"2334\" class=\"elementor elementor-2334\" data-elementor-post-type=\"page\">\n\t\t\t\t<div class=\"elementor-element elementor-element-9d86f51 e-flex e-con-boxed e-con e-parent\" data-id=\"9d86f51\" data-element_type=\"container\">\n\t\t\t\t\t<div class=\"e-con-inner\">\n\t\t\t\t<div class=\"elementor-element elementor-element-221c74f elementor-grid-3 elementor-grid-tablet-2 elementor-grid-mobile-1 elementor-posts--thumbnail-top elementor-widget elementor-widget-posts\" data-id=\"221c74f\" data-element_type=\"widget\" data-settings=\"{&quot;pagination_type&quot;:&quot;prev_next&quot;,&quot;classic_columns&quot;:&quot;3&quot;,&quot;classic_columns_tablet&quot;:&quot;2&quot;,&quot;classic_columns_mobile&quot;:&quot;1&quot;,&quot;classic_row_gap&quot;:{&quot;unit&quot;:&quot;px&quot;,&quot;size&quot;:35,&quot;sizes&quot;:[]},&quot;classic_row_gap_tablet&quot;:{&quot;unit&quot;:&quot;px&quot;,&quot;size&quot;:&quot;&quot;,&quot;sizes&quot;:[]},&quot;classic_row_gap_mobile&quot;:{&quot;unit&quot;:&quot;px&quot;,&quot;size&quot;:&quot;&quot;,&quot;sizes&quot;:[]}}\" data-widget_type=\"posts.classic\">\n\t\t\t\t<div class=\"elementor-widget-container\">\n\t\t\t\t\t<div class=\"elementor-posts-container elementor-posts elementor-posts--skin-classic elementor-grid\">\n\t\t\t\t<article class=\"elementor-post elementor-grid-item post-2752 post type-post status-publish format-standard has-post-thumbnail hentry category-wm2026\">\n\t\t\t\t<a class=\"elementor-post__thumbnail__link\" href=\"https:\/\/karate.at\/meisterschaften\/intensive-wm-vorbereitung-mit-fumitoshi-kanazawa-sensei-in-oesterreich\/\" tabindex=\"-1\" >\n\t\t\t<div class=\"elementor-post__thumbnail\"><img fetchpriority=\"high\" decoding=\"async\" width=\"300\" height=\"200\" src=\"https:\/\/karate.at\/meisterschaften\/wp-content\/uploads\/2026\/03\/DSC6323-300x200.jpg\" class=\"attachment-medium size-medium wp-image-2758\" alt=\"\" srcset=\"https:\/\/karate.at\/meisterschaften\/wp-content\/uploads\/2026\/03\/DSC6323-300x200.jpg 300w, https:\/\/karate.at\/meisterschaften\/wp-content\/uploads\/2026\/03\/DSC6323-1024x683.jpg 1024w, https:\/\/karate.at\/meisterschaften\/wp-content\/uploads\/2026\/03\/DSC6323-768x512.jpg 768w, https:\/\/karate.at\/meisterschaften\/wp-content\/uploads\/2026\/03\/DSC6323-1536x1025.jpg 1536w, https:\/\/karate.at\/meisterschaften\/wp-content\/uploads\/2026\/03\/DSC6323.jpg 1920w\" sizes=\"(max-width: 300px) 100vw, 300px\" \/><\/div>\n\t\t<\/a>\n\t\t\t\t<div class=\"elementor-post__text\">\n\t\t\t\t<h3 class=\"elementor-post__title\">\n\t\t\t<a href=\"https:\/\/karate.at\/meisterschaften\/intensive-wm-vorbereitung-mit-fumitoshi-kanazawa-sensei-in-oesterreich\/\" >\n\t\t\t\tIntensive WM-Vorbereitung mit Fumitoshi Kanazawa sensei in \u00d6sterreich\t\t\t<\/a>\n\t\t<\/h3>\n\t\t\t\t<div class=\"elementor-post__meta-data\">\n\t\t\t\t\t<span class=\"elementor-post-date\">\n\t\t\tM\u00e4rz 29, 2026\t\t<\/span>\n\t\t\t\t<span class=\"elementor-post-avatar\">\n\t\t\tKeine Kommentare\t\t<\/span>\n\t\t\t\t<\/div>\n\t\t\t\t<div class=\"elementor-post__excerpt\">\n\t\t\t<p>verfasst am 28.03.2026 von Beate Schroll Anfang M\u00e4rz 2026 durfte sich die SKIAF \u00fcber einen besonderen Gast freuen: Fumitoshi Kanazawa sensei(6. Dan), Trainer im Honbu d\u014dj\u014d in Japan. Zwei Wochen<\/p>\n\t\t<\/div>\n\t\t\n\t\t<a class=\"elementor-post__read-more\" href=\"https:\/\/karate.at\/meisterschaften\/intensive-wm-vorbereitung-mit-fumitoshi-kanazawa-sensei-in-oesterreich\/\" aria-label=\"Read more about Intensive WM-Vorbereitung mit Fumitoshi Kanazawa sensei in \u00d6sterreich\" tabindex=\"-1\" >\n\t\t\tWeiterlesen \u00bb\t\t<\/a>\n\n\t\t\t\t<\/div>\n\t\t\t\t<\/article>\n\t\t\t\t<article class=\"elementor-post elementor-grid-item post-2697 post type-post status-publish format-standard has-post-thumbnail hentry category-wm2026\">\n\t\t\t\t<a class=\"elementor-post__thumbnail__link\" href=\"https:\/\/karate.at\/meisterschaften\/volle-kraft-voraus-nationalteam-gasshuku-in-obertraun-der-weg-zur-wm-beginnt\/\" tabindex=\"-1\" >\n\t\t\t<div class=\"elementor-post__thumbnail\"><img decoding=\"async\" width=\"300\" height=\"300\" src=\"https:\/\/karate.at\/meisterschaften\/wp-content\/uploads\/2026\/02\/DSC5682-300x300.jpg\" class=\"attachment-medium size-medium wp-image-2712\" alt=\"\" srcset=\"https:\/\/karate.at\/meisterschaften\/wp-content\/uploads\/2026\/02\/DSC5682-300x300.jpg 300w, https:\/\/karate.at\/meisterschaften\/wp-content\/uploads\/2026\/02\/DSC5682-1024x1024.jpg 1024w, https:\/\/karate.at\/meisterschaften\/wp-content\/uploads\/2026\/02\/DSC5682-150x150.jpg 150w, https:\/\/karate.at\/meisterschaften\/wp-content\/uploads\/2026\/02\/DSC5682-768x768.jpg 768w, https:\/\/karate.at\/meisterschaften\/wp-content\/uploads\/2026\/02\/DSC5682-1536x1536.jpg 1536w, https:\/\/karate.at\/meisterschaften\/wp-content\/uploads\/2026\/02\/DSC5682.jpg 1920w\" sizes=\"(max-width: 300px) 100vw, 300px\" \/><\/div>\n\t\t<\/a>\n\t\t\t\t<div class=\"elementor-post__text\">\n\t\t\t\t<h3 class=\"elementor-post__title\">\n\t\t\t<a href=\"https:\/\/karate.at\/meisterschaften\/volle-kraft-voraus-nationalteam-gasshuku-in-obertraun-der-weg-zur-wm-beginnt\/\" >\n\t\t\t\tVolle Kraft Voraus! Nationalteam-Gasshuku in Obertraun: Der Weg zur WM beginnt\t\t\t<\/a>\n\t\t<\/h3>\n\t\t\t\t<div class=\"elementor-post__meta-data\">\n\t\t\t\t\t<span class=\"elementor-post-date\">\n\t\t\tFebruar 28, 2026\t\t<\/span>\n\t\t\t\t<span class=\"elementor-post-avatar\">\n\t\t\tKeine Kommentare\t\t<\/span>\n\t\t\t\t<\/div>\n\t\t\t\t<div class=\"elementor-post__excerpt\">\n\t\t\t<p>verfasst am 11.02.2025 von Daniel Jovic und Philip Jessner Von 6. bis 8. Februar wurde Obertraun einmal mehr zum Treffpunkt unseres Nationalteams der \u00f6sterreichischen Shotokan Karate-Do International Federation (SKIAF). Drei<\/p>\n\t\t<\/div>\n\t\t\n\t\t<a class=\"elementor-post__read-more\" href=\"https:\/\/karate.at\/meisterschaften\/volle-kraft-voraus-nationalteam-gasshuku-in-obertraun-der-weg-zur-wm-beginnt\/\" aria-label=\"Read more about Volle Kraft Voraus! Nationalteam-Gasshuku in Obertraun: Der Weg zur WM beginnt\" tabindex=\"-1\" >\n\t\t\tWeiterlesen \u00bb\t\t<\/a>\n\n\t\t\t\t<\/div>\n\t\t\t\t<\/article>\n\t\t\t\t<\/div>\n\t\t\n\t\t\t\t<\/div>\n\t\t\t\t<\/div>\n\t\t\t\t<div class=\"elementor-element elementor-element-4249123 elementor-widget elementor-widget-spacer\" data-id=\"4249123\" data-element_type=\"widget\" data-widget_type=\"spacer.default\">\n\t\t\t\t<div class=\"elementor-widget-container\">\n\t\t\t\t\t<div class=\"elementor-spacer\">\n\t\t\t<div class=\"elementor-spacer-inner\"><\/div>\n\t\t<\/div>\n\t\t\t\t<\/div>\n\t\t\t\t<\/div>\n\t\t\t\t<div class=\"elementor-element elementor-element-f4fbffe elementor-widget-divider--view-line elementor-widget elementor-widget-divider\" data-id=\"f4fbffe\" data-element_type=\"widget\" data-widget_type=\"divider.default\">\n\t\t\t\t<div class=\"elementor-widget-container\">\n\t\t\t\t\t<div class=\"elementor-divider\">\n\t\t\t<span class=\"elementor-divider-separator\">\n\t\t\t\t\t\t<\/span>\n\t\t<\/div>\n\t\t\t\t<\/div>\n\t\t\t\t<\/div>\n\t\t\t\t\t<\/div>\n\t\t\t\t<\/div>\n\t\t\t\t<\/div>\n\t\t","protected":false},"excerpt":{"rendered":"","protected":false},"author":1,"featured_media":0,"parent":2316,"menu_order":0,"comment_status":"closed","ping_status":"closed","template":"","meta":{"footnotes":""},"class_list":["post-2334","page","type-page","status-publish","hentry"],"_links":{"self":[{"href":"https:\/\/karate.at\/meisterschaften\/wp-json\/wp\/v2\/pages\/2334","targetHints":{"allow":["GET"]}}],"collection":[{"href":"https:\/\/karate.at\/meisterschaften\/wp-json\/wp\/v2\/pages"}],"about":[{"href":"https:\/\/karate.at\/meisterschaften\/wp-json\/wp\/v2\/types\/page"}],"author":[{"embeddable":true,"href":"https:\/\/karate.at\/meisterschaften\/wp-json\/wp\/v2\/users\/1"}],"replies":[{"embeddable":true,"href":"https:\/\/karate.at\/meisterschaften\/wp-json\/wp\/v2\/comments?post=2334"}],"version-history":[{"count":4,"href":"https:\/\/karate.at\/meisterschaften\/wp-json\/wp\/v2\/pages\/2334\/revisions"}],"predecessor-version":[{"id":2386,"href":"https:\/\/karate.at\/meisterschaften\/wp-json\/wp\/v2\/pages\/2334\/revisions\/2386"}],"up":[{"embeddable":true,"href":"https:\/\/karate.at\/meisterschaften\/wp-json\/wp\/v2\/pages\/2316"}],"wp:attachment":[{"href":"https:\/\/karate.at\/meisterschaften\/wp-json\/wp\/v2\/media?parent=2334"}],"curies":[{"name":"wp","href":"https:\/\/api.w.org\/{rel}","templated":true}]}}