{"id":2335,"date":"2026-01-03T13:08:37","date_gmt":"2026-01-03T13:08:37","guid":{"rendered":"https:\/\/karate.at\/meisterschaften\/?page_id=2335"},"modified":"2026-02-20T11:13:34","modified_gmt":"2026-02-20T11:13:34","slug":"sponsoring-pakete","status":"publish","type":"page","link":"https:\/\/karate.at\/meisterschaften\/wm2026\/sponsoring-pakete\/","title":{"rendered":"Sponsoring Pakete"},"content":{"rendered":"\t\t<div data-elementor-type=\"wp-page\" data-elementor-id=\"2335\" class=\"elementor elementor-2335\" data-elementor-post-type=\"page\">\n\t\t\t\t\t\t<section class=\"elementor-section elementor-top-section elementor-element elementor-element-6754d6f elementor-section-boxed elementor-section-height-default elementor-section-height-default\" data-id=\"6754d6f\" data-element_type=\"section\">\n\t\t\t\t\t\t<div class=\"elementor-container elementor-column-gap-default\">\n\t\t\t\t\t<div class=\"elementor-column elementor-col-100 elementor-top-column elementor-element elementor-element-27dcc59\" data-id=\"27dcc59\" data-element_type=\"column\">\n\t\t\t<div class=\"elementor-widget-wrap elementor-element-populated\">\n\t\t\t\t\t\t<div class=\"elementor-element elementor-element-6d208ee elementor-widget-divider--view-line elementor-widget elementor-widget-divider\" data-id=\"6d208ee\" data-element_type=\"widget\" data-widget_type=\"divider.default\">\n\t\t\t\t<div class=\"elementor-widget-container\">\n\t\t\t\t\t<div class=\"elementor-divider\">\n\t\t\t<span class=\"elementor-divider-separator\">\n\t\t\t\t\t\t<\/span>\n\t\t<\/div>\n\t\t\t\t<\/div>\n\t\t\t\t<\/div>\n\t\t\t\t\t<\/div>\n\t\t<\/div>\n\t\t\t\t\t<\/div>\n\t\t<\/section>\n\t\t\t\t<section class=\"elementor-section elementor-top-section elementor-element elementor-element-39645f0 elementor-section-boxed elementor-section-height-default elementor-section-height-default\" data-id=\"39645f0\" data-element_type=\"section\">\n\t\t\t\t\t\t<div class=\"elementor-container elementor-column-gap-default\">\n\t\t\t\t\t<div class=\"elementor-column elementor-col-100 elementor-top-column elementor-element elementor-element-cfa58b1\" data-id=\"cfa58b1\" data-element_type=\"column\">\n\t\t\t<div class=\"elementor-widget-wrap elementor-element-populated\">\n\t\t\t\t\t\t<div class=\"elementor-element elementor-element-0bdc5b4 elementor-widget elementor-widget-heading\" data-id=\"0bdc5b4\" data-element_type=\"widget\" data-widget_type=\"heading.default\">\n\t\t\t\t<div class=\"elementor-widget-container\">\n\t\t\t<h2 class=\"elementor-heading-title elementor-size-default\">Wir bedanken uns f\u00fcr jede Unterst\u00fctzung<\/h2>\t\t<\/div>\n\t\t\t\t<\/div>\n\t\t\t\t<div class=\"elementor-element elementor-element-4a5a84a elementor-widget elementor-widget-text-editor\" data-id=\"4a5a84a\" data-element_type=\"widget\" data-widget_type=\"text-editor.default\">\n\t\t\t\t<div class=\"elementor-widget-container\">\n\t\t\t\t\t\t\t<p>Karate ist f\u00fcr uns nicht nur Bewegung, sondern Haltung, Leidenschaft und gelebte Freude!<\/p>\n<p data-start=\"138\" data-end=\"464\">Mit viel Engagement, Schwei\u00df und vor allem Leidenschaft haben wir uns durch intensive Trainings, Fortbildungen, Turniere und Trainingslager f\u00fcr die <strong data-start=\"286\" data-end=\"342\">15. SKIF Weltmeisterschaften in Antalya (T\u00fcrkei)<\/strong> qualifiziert. Karate ist f\u00fcr uns weit mehr als ein Sport \u2013 es ist eine gemeinsame Begeisterung, die uns t\u00e4glich antreibt.<\/p>\n<p data-start=\"466\" data-end=\"827\">Dieser Weg bringt jedoch nicht nur sportliche Erfolge mit sich, sondern auch finanzielle Aufwendungen. Neben der Unterst\u00fctzung durch den non-profit SKIAF Bundesverband tragen wir als Team viele Kosten selbst. Um unseren Traum, bei der Europameisterschaft anzutreten, bestm\u00f6glich verwirklichen zu k\u00f6nnen, w\u00fcrden wir uns daher sehr \u00fcber Ihre Unterst\u00fctzung freuen.<\/p>\n<p data-start=\"829\" data-end=\"1226\">Als Sponsor begleiten Sie uns auf diesem besonderen Weg und profitieren gleichzeitig von sichtbaren und authentischen Werbekontaktpunkten. Daf\u00fcr haben wir vier attraktive Sponsoringpakete zusammengestellt, die individuell auf Ihr Unternehmen abgestimmt sind.<br data-start=\"1087\" data-end=\"1090\">Und das Beste: Je fr\u00fcher Sie sich f\u00fcr ein Sponsoring entscheiden, desto l\u00e4nger und nachhaltiger profitieren Sie von den Gegenleistungen.<\/p>\n<p data-start=\"1228\" data-end=\"1291\">Wir w\u00fcrden uns freuen, diesen Weg gemeinsam mit Ihnen zu gehen!<\/p>\n<p>Ein Bild der Leistung \u201ePr\u00e4senz des Firmenlogos in einem Blogbeitrag\u201c k\u00f6nnen Sie sich unter dem Link den vergangenen <a href=\"http:\/\/www.karate.at\/meisterschaften\/em2025\">Europameisterschaften 2025<\/a>, <a href=\"https:\/\/www.karate.at\/wm2023\">Weltmeisterschaften 2023<\/a> und <a href=\"http:\/\/www.karate.at\/www\/em2022.php\" target=\"_blank\" rel=\"noopener\">Europameisterschaften 2022<\/a>&nbsp;machen.<\/p>\n<p>F\u00fcr Ihr Sponsoring haben wir verschiedene Pakete geschn\u00fcrt \u2013 von kompakt bis umfassend. Die gr\u00f6\u00dferen Pakete bieten Ihnen dabei den vollen Vorteil: Sie beinhalten automatisch alle Leistungen der kleineren Pakete, sodass Sie mit einem Schritt das Maximum an Sichtbarkeit und Wirkung f\u00fcr Ihr Unternehmen erhalten.<\/p>\t\t\t\t\t\t<\/div>\n\t\t\t\t<\/div>\n\t\t\t\t\t<\/div>\n\t\t<\/div>\n\t\t\t\t\t<\/div>\n\t\t<\/section>\n\t\t\t\t<section class=\"elementor-section elementor-top-section elementor-element elementor-element-49d74a96 elementor-section-content-top elementor-section-boxed elementor-section-height-default elementor-section-height-default\" data-id=\"49d74a96\" data-element_type=\"section\">\n\t\t\t\t\t\t<div class=\"elementor-container elementor-column-gap-no\">\n\t\t\t\t\t<div class=\"elementor-column elementor-col-50 elementor-top-column elementor-element elementor-element-110535f\" data-id=\"110535f\" data-element_type=\"column\" data-settings=\"{&quot;background_background&quot;:&quot;classic&quot;}\">\n\t\t\t<div class=\"elementor-widget-wrap elementor-element-populated\">\n\t\t\t\t\t\t<div class=\"elementor-element elementor-element-6d60a57 elementor-widget elementor-widget-text-editor\" data-id=\"6d60a57\" data-element_type=\"widget\" data-widget_type=\"text-editor.default\">\n\t\t\t\t<div class=\"elementor-widget-container\">\n\t\t\t\t\t\t\t<h3><strong>Bronzepaket (\u20ac 100,&#8211;)<\/strong><\/h3><ul><li><strong>Pr\u00e4senz des Firmenlogos in einem Blogbeitrag auf der WM2026-Homepage unter der Rubrik <a href=\"http:\/\/www.karate.at\/meisterschaften\/wm2026\/news\">&#8222;News&#8220;<\/a><\/strong><br \/>Sichtbarkeit f\u00fcr ein breites Online-Publikum<\/li><li><strong>Firmenlogo auf allen Turnier-Ausschreibungen 2026 der SKIAF<\/strong> &#8211; direkte Aufmerksamkeit bei allen Teilnehmer:innen und Interessierten (Publikum)<\/li><\/ul>\t\t\t\t\t\t<\/div>\n\t\t\t\t<\/div>\n\t\t\t\t\t<\/div>\n\t\t<\/div>\n\t\t\t\t<div class=\"elementor-column elementor-col-50 elementor-top-column elementor-element elementor-element-33764919\" data-id=\"33764919\" data-element_type=\"column\" data-settings=\"{&quot;background_background&quot;:&quot;classic&quot;}\">\n\t\t\t<div class=\"elementor-widget-wrap elementor-element-populated\">\n\t\t\t\t\t\t<div class=\"elementor-element elementor-element-b48a81a elementor-widget elementor-widget-text-editor\" data-id=\"b48a81a\" data-element_type=\"widget\" data-widget_type=\"text-editor.default\">\n\t\t\t\t<div class=\"elementor-widget-container\">\n\t\t\t\t\t\t\t<h3><strong>Silberpaket (\u20ac 250,&#8211;)<\/strong><\/h3><ul><li><strong>Integration des Firmenlogos in der Fu\u00dfzeile der Homepage der WM 2026<\/strong> (auf jeder Unterseite zu sehen) &#8211; permanente Online-Pr\u00e4senz w\u00e4hrend des gesamten Vorbereitungs- und Turnierzeitraumes<\/li><li><strong>Abdruck der Firmenlogos auf den Protokollen der GV 2026<\/strong>, die an alle Mitglieder versandt werden &#8211; direkte Reichweite innerhalb der Mitgliedschaft<\/li><li><strong>Pr\u00e4senz des Firmenlogos in der Pr\u00e4sentation der Generalversammlungen 2026 und 2027<\/strong> &#8211; Sichtbarkeit bei allen Teilnehmenden und Entscheidungstr\u00e4ger:innen<\/li><\/ul>\t\t\t\t\t\t<\/div>\n\t\t\t\t<\/div>\n\t\t\t\t\t<\/div>\n\t\t<\/div>\n\t\t\t\t\t<\/div>\n\t\t<\/section>\n\t\t\t\t<section class=\"elementor-section elementor-top-section elementor-element elementor-element-b276bcf elementor-section-content-top elementor-section-boxed elementor-section-height-default elementor-section-height-default\" data-id=\"b276bcf\" data-element_type=\"section\">\n\t\t\t\t\t\t<div class=\"elementor-container elementor-column-gap-no\">\n\t\t\t\t\t<div class=\"elementor-column elementor-col-50 elementor-top-column elementor-element elementor-element-c40c696\" data-id=\"c40c696\" data-element_type=\"column\" data-settings=\"{&quot;background_background&quot;:&quot;classic&quot;}\">\n\t\t\t<div class=\"elementor-widget-wrap elementor-element-populated\">\n\t\t\t\t\t\t<div class=\"elementor-element elementor-element-c1e0f9b elementor-widget elementor-widget-text-editor\" data-id=\"c1e0f9b\" data-element_type=\"widget\" data-widget_type=\"text-editor.default\">\n\t\t\t\t<div class=\"elementor-widget-container\">\n\t\t\t\t\t\t\t<h3><strong>Goldpaket (\u20ac 500,&#8211;)<\/strong><\/h3>\n<ul>\n<li style=\"font-size: 16px;\"><span style=\"font-weight: bolder;\">Pr\u00e4sentation Ihres Firmentransparents bei allen nationalen &amp; internationalen Meisterschaften 2026 (\u00d6sterreichische Meisterschaften, Internationales Kyu-Turnier, Kawasoe Shihan Memorial Cup) <\/span>\u2013 Positionierung Ihrer Marke im nationalen &amp; internationalen Sportumfeld f\u00fcr die maximale Aufmerksamkeit bei Athleten, Publikum und Medien&nbsp;<\/li>\n<li style=\"font-size: 16px;\"><span style=\"background-color: transparent;\"><strong>Sichtbare Markenpr\u00e4senz durch Ihr Firmentransparent bei den 2 gr\u00f6\u00dften Bundesverbands-Trainings des Jahres<\/strong> &#8211; hohe Aufmerksamkeit bei Trainern, Athleten, Funktion\u00e4ren und Entscheidungstr\u00e4gern und Positionierung als engagierter und leistungsnaher Partner auf Bundesebene<\/span><\/li>\n<li><strong>Integration Ihres Firmenlogos in die offizielle Jahresabschlusspr\u00e4sentation 2026<\/strong>&nbsp;&#8211; nachhaltige Wahrnehmung bei allen relevanten Stakeholdern<\/li>\n<li><strong>Prominente Einbindung auf unseren Social-Media-Kan\u00e4len durch Logoeinbindung auf Instagram und Facebook<\/strong> &#8211; gezielten Ansprache einer sportaffinen Community<\/li>\n<\/ul>\t\t\t\t\t\t<\/div>\n\t\t\t\t<\/div>\n\t\t\t\t\t<\/div>\n\t\t<\/div>\n\t\t\t\t<div class=\"elementor-column elementor-col-50 elementor-top-column elementor-element elementor-element-c4bbeda\" data-id=\"c4bbeda\" data-element_type=\"column\" data-settings=\"{&quot;background_background&quot;:&quot;classic&quot;}\">\n\t\t\t<div class=\"elementor-widget-wrap elementor-element-populated\">\n\t\t\t\t\t\t<div class=\"elementor-element elementor-element-cd2b894 elementor-widget elementor-widget-text-editor\" data-id=\"cd2b894\" data-element_type=\"widget\" data-widget_type=\"text-editor.default\">\n\t\t\t\t<div class=\"elementor-widget-container\">\n\t\t\t\t\t\t\t<h3><strong>Platinpaket (\u20ac 1.500,&#8211;)<\/strong><\/h3><ul><li style=\"font-size: 16px;\"><span style=\"font-weight: bolder;\">Pr\u00e4sentation Ihres Firmentransparents bei allen Tageslehrg\u00e4ngen und Oberstufen-Trainings im Jahr 2026<\/span>\u00a0&#8211; direkte Pr\u00e4senz bei Athleten, Funktion\u00e4ren und Publikum<\/li><li style=\"font-size: 16px;\"><span style=\"font-weight: bolder;\">Sichtbare Platzierung Ihres Firmentransparents beim Bundesverbands-Sommerlager 2026, sowie beim Kindersommerlager 2026<\/span>\u00a0\u2013 direkte Ansprache von Aktiven, Familien und Nachwuchs<\/li><li><strong>Platzierung Ihres Logos auf dem offiziellen Team-T-Shirt gemeinsam mit allen Platin-Sponsoren<\/strong> \u2013 hohe Wiedererkennung bei Trainings, Wettk\u00e4mpfen und \u00f6ffentlichen Auftritten<\/li><li><strong>Exklusiver Sondernewsletter 2026 an alle SKIAF-Mitglieder mit Nennung aller Platin-Sponsoren<\/strong> \u2013 hohe Reichweite und glaubw\u00fcrdige Kommunikation innerhalb der Community<\/li><li style=\"font-size: 16px;\"><span style=\"font-weight: bolder;\">Darstellung Ihres Logos und\/oder Merchandising-Produkts auf dem offiziellen Teamfoto des Nationalteams bei der WM 2026<\/span>\u00a0&#8211; Verbindung Ihrer Marke mit Spitzenleistung, Teamgeist und internationalem Erfolgen<\/li><\/ul>\t\t\t\t\t\t<\/div>\n\t\t\t\t<\/div>\n\t\t\t\t\t<\/div>\n\t\t<\/div>\n\t\t\t\t\t<\/div>\n\t\t<\/section>\n\t\t\t\t<section class=\"elementor-section elementor-top-section elementor-element elementor-element-22efbbc elementor-section-boxed elementor-section-height-default elementor-section-height-default\" data-id=\"22efbbc\" data-element_type=\"section\">\n\t\t\t\t\t\t<div class=\"elementor-container elementor-column-gap-default\">\n\t\t\t\t\t<div class=\"elementor-column elementor-col-100 elementor-top-column elementor-element elementor-element-6298d98\" data-id=\"6298d98\" data-element_type=\"column\">\n\t\t\t<div class=\"elementor-widget-wrap elementor-element-populated\">\n\t\t\t\t\t\t<div class=\"elementor-element elementor-element-1fde986 elementor-widget elementor-widget-heading\" data-id=\"1fde986\" data-element_type=\"widget\" data-widget_type=\"heading.default\">\n\t\t\t\t<div class=\"elementor-widget-container\">\n\t\t\t<h2 class=\"elementor-heading-title elementor-size-default\">Sponsoring Paket buchen<\/h2>\t\t<\/div>\n\t\t\t\t<\/div>\n\t\t\t\t<div class=\"elementor-element elementor-element-4fa7cd4 elementor-widget elementor-widget-text-editor\" data-id=\"4fa7cd4\" data-element_type=\"widget\" data-widget_type=\"text-editor.default\">\n\t\t\t\t<div class=\"elementor-widget-container\">\n\t\t\t\t\t\t\t<p><span style=\"font-size: 1rem;\">Sie m\u00f6chten uns finanziell in der Form eines Sponsorings unterst\u00fctzen? Das freut uns \u00fcberaus und m\u00f6chten uns bereits jetzt f\u00fcr Ihre Bereitschaft bedanken! Und so funktioniert das Sponsoring<\/span><\/p><ol><li>Bitte downloaden Sie das Sponsoring Formular \u00fcber den unten stehenden Button<\/li><li>F\u00fcllen Sie das Formular inkl. der Auswahl des gew\u00e4hlten Sponsoring-Pakets aus<\/li><li>Senden Sie uns bitte das Formular unterzeichnet retour an: <a href=\"mailto:sponsoring@karate.at\">sponsoring@karate.at<\/a><\/li><\/ol>\t\t\t\t\t\t<\/div>\n\t\t\t\t<\/div>\n\t\t\t\t<div class=\"elementor-element elementor-element-51f9d82 elementor-widget elementor-widget-text-editor\" data-id=\"51f9d82\" data-element_type=\"widget\" data-widget_type=\"text-editor.default\">\n\t\t\t\t<div class=\"elementor-widget-container\">\n\t\t\t\t\t\t\t<p>Im Anschluss erhalten Sie von uns eine Rechnung f\u00fcr Ihr gew\u00e4hltes Sponsoring-Paket mit der Bitte um \u00dcberweisung Ihres finanziellen Beitrags. Ab Zahlungseingang tritt die Sponsoring-Vereinbarung in Kraft und alle ausgew\u00e4hlten Leistungen werden von uns umgesetzt.<\/p><p>Bitte um Bereitstellung Ihres Firmenlogos in einem druckf\u00e4higen Format (mind. 900 Pixel und 300 dpi; ab Bronzepaket) bzw. Ihres Firmentransparents (max. Gr\u00f6\u00dfe: Richtma\u00df max. 5 x 2 m ab Goldpaket).<\/p>\t\t\t\t\t\t<\/div>\n\t\t\t\t<\/div>\n\t\t\t\t<div class=\"elementor-element elementor-element-f10516a elementor-widget elementor-widget-button\" data-id=\"f10516a\" data-element_type=\"widget\" data-widget_type=\"button.default\">\n\t\t\t\t<div class=\"elementor-widget-container\">\n\t\t\t\t\t\t\t<div class=\"elementor-button-wrapper\">\n\t\t\t\t\t<a class=\"elementor-button elementor-button-link elementor-size-sm\" href=\"https:\/\/karate.at\/meisterschaften\/wp-content\/uploads\/2026\/02\/Sponsoring-Formular2026_Einzeln.pdf\" target=\"_blank\">\n\t\t\t\t\t\t<span class=\"elementor-button-content-wrapper\">\n\t\t\t\t\t\t\t\t\t<span class=\"elementor-button-text\">Download Sponsoring Formular<\/span>\n\t\t\t\t\t<\/span>\n\t\t\t\t\t<\/a>\n\t\t\t\t<\/div>\n\t\t\t\t\t\t<\/div>\n\t\t\t\t<\/div>\n\t\t\t\t<div class=\"elementor-element elementor-element-9b702a3 elementor-widget elementor-widget-spacer\" data-id=\"9b702a3\" data-element_type=\"widget\" data-widget_type=\"spacer.default\">\n\t\t\t\t<div class=\"elementor-widget-container\">\n\t\t\t\t\t<div class=\"elementor-spacer\">\n\t\t\t<div class=\"elementor-spacer-inner\"><\/div>\n\t\t<\/div>\n\t\t\t\t<\/div>\n\t\t\t\t<\/div>\n\t\t\t\t<div class=\"elementor-element elementor-element-96325b5 elementor-widget-divider--view-line elementor-widget elementor-widget-divider\" data-id=\"96325b5\" data-element_type=\"widget\" data-widget_type=\"divider.default\">\n\t\t\t\t<div class=\"elementor-widget-container\">\n\t\t\t\t\t<div class=\"elementor-divider\">\n\t\t\t<span class=\"elementor-divider-separator\">\n\t\t\t\t\t\t<\/span>\n\t\t<\/div>\n\t\t\t\t<\/div>\n\t\t\t\t<\/div>\n\t\t\t\t\t<\/div>\n\t\t<\/div>\n\t\t\t\t\t<\/div>\n\t\t<\/section>\n\t\t\t\t<\/div>\n\t\t","protected":false},"excerpt":{"rendered":"<p>Wir bedanken uns f\u00fcr jede Unterst\u00fctzung Karate ist f\u00fcr uns nicht nur Bewegung, sondern Haltung, Leidenschaft und gelebte Freude! Mit viel Engagement, Schwei\u00df und vor allem Leidenschaft haben wir uns durch intensive Trainings, Fortbildungen, Turniere und Trainingslager f\u00fcr die 15. SKIF Weltmeisterschaften in Antalya (T\u00fcrkei) qualifiziert. Karate ist f\u00fcr uns weit mehr als ein Sport [&hellip;]<\/p>\n","protected":false},"author":1,"featured_media":0,"parent":2316,"menu_order":0,"comment_status":"closed","ping_status":"closed","template":"","meta":{"footnotes":""},"class_list":["post-2335","page","type-page","status-publish","hentry"],"_links":{"self":[{"href":"https:\/\/karate.at\/meisterschaften\/wp-json\/wp\/v2\/pages\/2335","targetHints":{"allow":["GET"]}}],"collection":[{"href":"https:\/\/karate.at\/meisterschaften\/wp-json\/wp\/v2\/pages"}],"about":[{"href":"https:\/\/karate.at\/meisterschaften\/wp-json\/wp\/v2\/types\/page"}],"author":[{"embeddable":true,"href":"https:\/\/karate.at\/meisterschaften\/wp-json\/wp\/v2\/users\/1"}],"replies":[{"embeddable":true,"href":"https:\/\/karate.at\/meisterschaften\/wp-json\/wp\/v2\/comments?post=2335"}],"version-history":[{"count":28,"href":"https:\/\/karate.at\/meisterschaften\/wp-json\/wp\/v2\/pages\/2335\/revisions"}],"predecessor-version":[{"id":2691,"href":"https:\/\/karate.at\/meisterschaften\/wp-json\/wp\/v2\/pages\/2335\/revisions\/2691"}],"up":[{"embeddable":true,"href":"https:\/\/karate.at\/meisterschaften\/wp-json\/wp\/v2\/pages\/2316"}],"wp:attachment":[{"href":"https:\/\/karate.at\/meisterschaften\/wp-json\/wp\/v2\/media?parent=2335"}],"curies":[{"name":"wp","href":"https:\/\/api.w.org\/{rel}","templated":true}]}}