{"id":2336,"date":"2026-01-03T13:08:37","date_gmt":"2026-01-03T13:08:37","guid":{"rendered":"https:\/\/karate.at\/meisterschaften\/?page_id=2336"},"modified":"2026-02-11T11:53:43","modified_gmt":"2026-02-11T11:53:43","slug":"teamvorstellung","status":"publish","type":"page","link":"https:\/\/karate.at\/meisterschaften\/wm2026\/teamvorstellung\/","title":{"rendered":"Teamvorstellung"},"content":{"rendered":"\t\t<div data-elementor-type=\"wp-page\" data-elementor-id=\"2336\" class=\"elementor elementor-2336\" data-elementor-post-type=\"page\">\n\t\t\t\t\t\t<section class=\"elementor-section elementor-top-section elementor-element elementor-element-6754d6f elementor-section-boxed elementor-section-height-default elementor-section-height-default\" data-id=\"6754d6f\" data-element_type=\"section\">\n\t\t\t\t\t\t<div class=\"elementor-container elementor-column-gap-default\">\n\t\t\t\t\t<div class=\"elementor-column elementor-col-100 elementor-top-column elementor-element elementor-element-27dcc59\" data-id=\"27dcc59\" data-element_type=\"column\">\n\t\t\t<div class=\"elementor-widget-wrap elementor-element-populated\">\n\t\t\t\t\t\t<div class=\"elementor-element elementor-element-ab1dae9 elementor-widget elementor-widget-heading\" data-id=\"ab1dae9\" data-element_type=\"widget\" data-widget_type=\"heading.default\">\n\t\t\t\t<div class=\"elementor-widget-container\">\n\t\t\t<h3 class=\"elementor-heading-title elementor-size-default\">Das SKIAF Nationalteam stellt sich vor<\/h3>\t\t<\/div>\n\t\t\t\t<\/div>\n\t\t\t\t<div class=\"elementor-element elementor-element-35efb49 elementor-widget elementor-widget-text-editor\" data-id=\"35efb49\" data-element_type=\"widget\" data-widget_type=\"text-editor.default\">\n\t\t\t\t<div class=\"elementor-widget-container\">\n\t\t\t\t\t\t\t<p>In diesem Jahr repr\u00e4sentiert das Nationalteam der <a href=\"http:\/\/www.karate.at\">Shotokan Karate-Do International Austrian Federation (SKIAF)<\/a> \u00d6sterreich bei den <a href=\"https:\/\/skif2026.org\/\">SKIF World Championships in Antalya, T\u00fcrkei<\/a>. Uns verbindet die Leidenschaft und das hohe Engagement f\u00fcr das traditionelle Shotokan Karate-Do. Als Karateka mit langj\u00e4hriger Erfahrung auf nationalen und internationalen Meisterschaften haben wir uns durch kontinuierliche Trainingsarbeit und bisherige Erfolge f\u00fcr die Weltmeisterschaften 2026 qualifiziert. Mit zahlreichen Vereinstrainings, nahezu w\u00f6chentlichen bundesweiten Lehrg\u00e4ngen sowie zus\u00e4tzlichen Nationalteam-Einheiten haben wir uns intensiv auf unsere Ziele vorbereitet und stellen uns den kommenden Herausforderungen mit gro\u00dfer Motivation.<\/p><p>\u00a0<\/p><p><strong>Nationalteam bedeutet f\u00fcr uns:<\/strong><\/p><ol><li>\u00d6sterreich auf internationaler Ebene im Karate erfolgreich zu repr\u00e4sentieren<\/li><li>Maximaler mentaler und k\u00f6rperlicher Einsatz<\/li><li>Leidenschaft f\u00fcr Karate leben und weitertragen<\/li><li>Im Team K\u00e4mpfen, im Team siegen, im Team lernen &#8211; nie alleine zu sein<\/li><\/ol>\t\t\t\t\t\t<\/div>\n\t\t\t\t<\/div>\n\t\t\t\t\t<\/div>\n\t\t<\/div>\n\t\t\t\t\t<\/div>\n\t\t<\/section>\n\t\t\t\t<section class=\"elementor-section elementor-top-section elementor-element elementor-element-28feb79 elementor-section-boxed elementor-section-height-default elementor-section-height-default\" data-id=\"28feb79\" data-element_type=\"section\">\n\t\t\t\t\t\t<div class=\"elementor-container elementor-column-gap-default\">\n\t\t\t\t\t<div class=\"elementor-column elementor-col-100 elementor-top-column elementor-element elementor-element-2a472c6\" data-id=\"2a472c6\" data-element_type=\"column\">\n\t\t\t<div class=\"elementor-widget-wrap elementor-element-populated\">\n\t\t\t\t\t\t<div class=\"elementor-element elementor-element-16c1197 elementor-widget elementor-widget-image\" data-id=\"16c1197\" data-element_type=\"widget\" data-widget_type=\"image.default\">\n\t\t\t\t<div class=\"elementor-widget-container\">\n\t\t\t\t\t\t\t\t\t\t\t\t\t<img fetchpriority=\"high\" decoding=\"async\" width=\"800\" height=\"450\" src=\"https:\/\/karate.at\/meisterschaften\/wp-content\/uploads\/2026\/02\/DSC5689_komp-1024x576.jpg\" class=\"attachment-large size-large wp-image-2662\" alt=\"\" srcset=\"https:\/\/karate.at\/meisterschaften\/wp-content\/uploads\/2026\/02\/DSC5689_komp-1024x576.jpg 1024w, https:\/\/karate.at\/meisterschaften\/wp-content\/uploads\/2026\/02\/DSC5689_komp-300x169.jpg 300w, https:\/\/karate.at\/meisterschaften\/wp-content\/uploads\/2026\/02\/DSC5689_komp-768x432.jpg 768w, https:\/\/karate.at\/meisterschaften\/wp-content\/uploads\/2026\/02\/DSC5689_komp-1536x864.jpg 1536w, https:\/\/karate.at\/meisterschaften\/wp-content\/uploads\/2026\/02\/DSC5689_komp-2048x1152.jpg 2048w\" sizes=\"(max-width: 800px) 100vw, 800px\" \/>\t\t\t\t\t\t\t\t\t\t\t\t\t<\/div>\n\t\t\t\t<\/div>\n\t\t\t\t<div class=\"elementor-element elementor-element-dfd73ea elementor-widget elementor-widget-text-editor\" data-id=\"dfd73ea\" data-element_type=\"widget\" data-widget_type=\"text-editor.default\">\n\t\t\t\t<div class=\"elementor-widget-container\">\n\t\t\t\t\t\t\t<p style=\"text-align: center;\"><em><strong>Shotokan Karate-Do International Austrian Federation (SKIAF) Nationalteam K\u00e4mpfer:innen &amp; Coaches v.l. (Stand: 2026):\u00a0<\/strong><br \/>Florian Schnitzinger, Philip Jessner, Armin Paar, Daniel Jovic, Gabriel Kratzer, Luca Brodinger, Admir Bajric, Hannah Hartl,, Clemens Luger, Daniel Muschick, Harald Axmann, Svenja Rainer, Philipp Reitinger, Vera Paar, Dominik Piereder, Wilfried Pollheimer, Beate Schroll, Andreas G\u00f6tzendorfer<\/em><\/p>\t\t\t\t\t\t<\/div>\n\t\t\t\t<\/div>\n\t\t\t\t<div class=\"elementor-element elementor-element-cb21315 elementor-widget elementor-widget-spacer\" data-id=\"cb21315\" data-element_type=\"widget\" data-widget_type=\"spacer.default\">\n\t\t\t\t<div class=\"elementor-widget-container\">\n\t\t\t\t\t<div class=\"elementor-spacer\">\n\t\t\t<div class=\"elementor-spacer-inner\"><\/div>\n\t\t<\/div>\n\t\t\t\t<\/div>\n\t\t\t\t<\/div>\n\t\t\t\t<div class=\"elementor-element elementor-element-48e1a04 elementor-widget-divider--view-line elementor-widget elementor-widget-divider\" data-id=\"48e1a04\" data-element_type=\"widget\" data-widget_type=\"divider.default\">\n\t\t\t\t<div class=\"elementor-widget-container\">\n\t\t\t\t\t<div class=\"elementor-divider\">\n\t\t\t<span class=\"elementor-divider-separator\">\n\t\t\t\t\t\t<\/span>\n\t\t<\/div>\n\t\t\t\t<\/div>\n\t\t\t\t<\/div>\n\t\t\t\t\t<\/div>\n\t\t<\/div>\n\t\t\t\t\t<\/div>\n\t\t<\/section>\n\t\t\t\t<\/div>\n\t\t","protected":false},"excerpt":{"rendered":"<p>Das SKIAF Nationalteam stellt sich vor In diesem Jahr repr\u00e4sentiert das Nationalteam der Shotokan Karate-Do International Austrian Federation (SKIAF) \u00d6sterreich bei den SKIF World Championships in Antalya, T\u00fcrkei. Uns verbindet die Leidenschaft und das hohe Engagement f\u00fcr das traditionelle Shotokan Karate-Do. Als Karateka mit langj\u00e4hriger Erfahrung auf nationalen und internationalen Meisterschaften haben wir uns durch [&hellip;]<\/p>\n","protected":false},"author":1,"featured_media":0,"parent":2316,"menu_order":0,"comment_status":"closed","ping_status":"closed","template":"","meta":{"footnotes":""},"class_list":["post-2336","page","type-page","status-publish","hentry"],"_links":{"self":[{"href":"https:\/\/karate.at\/meisterschaften\/wp-json\/wp\/v2\/pages\/2336","targetHints":{"allow":["GET"]}}],"collection":[{"href":"https:\/\/karate.at\/meisterschaften\/wp-json\/wp\/v2\/pages"}],"about":[{"href":"https:\/\/karate.at\/meisterschaften\/wp-json\/wp\/v2\/types\/page"}],"author":[{"embeddable":true,"href":"https:\/\/karate.at\/meisterschaften\/wp-json\/wp\/v2\/users\/1"}],"replies":[{"embeddable":true,"href":"https:\/\/karate.at\/meisterschaften\/wp-json\/wp\/v2\/comments?post=2336"}],"version-history":[{"count":16,"href":"https:\/\/karate.at\/meisterschaften\/wp-json\/wp\/v2\/pages\/2336\/revisions"}],"predecessor-version":[{"id":2669,"href":"https:\/\/karate.at\/meisterschaften\/wp-json\/wp\/v2\/pages\/2336\/revisions\/2669"}],"up":[{"embeddable":true,"href":"https:\/\/karate.at\/meisterschaften\/wp-json\/wp\/v2\/pages\/2316"}],"wp:attachment":[{"href":"https:\/\/karate.at\/meisterschaften\/wp-json\/wp\/v2\/media?parent=2336"}],"curies":[{"name":"wp","href":"https:\/\/api.w.org\/{rel}","templated":true}]}}