{"id":57,"date":"2025-12-26T14:51:27","date_gmt":"2025-12-26T13:51:27","guid":{"rendered":"https:\/\/karate.at\/ried\/?page_id=57"},"modified":"2026-04-01T08:20:43","modified_gmt":"2026-04-01T07:20:43","slug":"impressum","status":"publish","type":"page","link":"https:\/\/karate.at\/ried\/impressum\/","title":{"rendered":"Impressum"},"content":{"rendered":"\t\t<div data-elementor-type=\"wp-page\" data-elementor-id=\"57\" class=\"elementor elementor-57\">\n\t\t\t\t<div class=\"elementor-element elementor-element-fddc5de e-flex e-con-boxed e-con e-parent\" data-id=\"fddc5de\" data-element_type=\"container\" data-e-type=\"container\" data-settings=\"{&quot;background_background&quot;:&quot;classic&quot;}\">\n\t\t\t\t\t<div class=\"e-con-inner\">\n\t\t\t\t\t<\/div>\n\t\t\t\t<\/div>\n\t\t<div class=\"elementor-element elementor-element-addbcd0 e-flex e-con-boxed e-con e-parent\" data-id=\"addbcd0\" data-element_type=\"container\" data-e-type=\"container\">\n\t\t\t\t\t<div class=\"e-con-inner\">\n\t\t\t\t<div class=\"elementor-element elementor-element-a964a10 elementor-widget elementor-widget-heading\" data-id=\"a964a10\" data-element_type=\"widget\" data-e-type=\"widget\" data-widget_type=\"heading.default\">\n\t\t\t\t\t<h2 class=\"elementor-heading-title elementor-size-default\">Impressum<\/h2>\t\t\t\t<\/div>\n\t\t\t\t\t<\/div>\n\t\t\t\t<\/div>\n\t\t<div class=\"elementor-element elementor-element-9b5efa7 e-flex e-con-boxed e-con e-parent\" data-id=\"9b5efa7\" data-element_type=\"container\" data-e-type=\"container\">\n\t\t\t\t\t<div class=\"e-con-inner\">\n\t\t<div class=\"elementor-element elementor-element-2bf9685 e-con-full e-flex e-con e-child\" data-id=\"2bf9685\" data-element_type=\"container\" data-e-type=\"container\">\n\t\t\t\t<div class=\"elementor-element elementor-element-16e8505 elementor-widget__width-initial elementor-widget elementor-widget-text-editor\" data-id=\"16e8505\" data-element_type=\"widget\" data-e-type=\"widget\" data-widget_type=\"text-editor.default\">\n\t\t\t\t\t\t\t\t\t<p>Fachverband: Shotokan Karatedo International Austrian Federation (SKIAF)<span style=\"font-family: inherit; font-size: inherit; font-style: inherit; font-variant-ligatures: inherit; font-variant-caps: inherit; font-weight: inherit;\">Dachverband: Allgemeiner Sportverband Ober\u00f6sterreich (ASV\u00d6)<\/span><\/p><p>ZVR-Zahl: 366 924 536<\/p><p>Vorstand: Mark Wittmann (Obmann), Josef Weixlberger (Obmann Stv.), Manfred Hammerer (Schriftf\u00fchrer), Irene Maier (Schriftf\u00fchrer Stv.), Herbert H\u00f6randner (Kassier), Gisela Stumpf (Kassier Stv.), Niklas Steinhuber (Jugendbeirat), Silke Papp (Elternbeirat), Herbert Schatzl (Rechnungspr\u00fcfer), Bettina Petermaier (Rechnungspr\u00fcfer)<\/p><p>Vereinszweck: Der Verein, dessen T\u00e4tigkeit nicht auf Gewinn gerichtet ist, bezweckt die k\u00f6rperliche und geistige Ert\u00fcchtigung seiner Mitglieder. Der Verein will den Vereinszweck frei von politischen und weltanschaulichen Einfl\u00fcssen erf\u00fcllen. Er bekennt sich vorbehaltslos zu einem demokratischen \u00d6sterreich.<\/p><p>Verantwortlich f\u00fcr den Inhalt: Mark Wittmann<\/p><p>Fotos: www.shutterstock.com und Sibylle Flotzinger<\/p><p>Bei allen Texten wurde aus Gr\u00fcnden der Lesbarkeit auf eine geschlechtsneutrale Formulierung verzichtet. Es sind jedoch immer beide Geschlechter im Sinne der Gleichbehandlung angesprochen.<\/p><p>Alle Rechte des Website-Betreibers bleiben vorbehalten. Unauthorisiertes Kopieren und Verwenden von Inhalten (besonders Fotos, Logos, Illustrationen, etc.) dieser Homepage zu gewerblichen Zwecken ist verboten. Dies gilt auch f\u00fcr die Aufnahme in elektronische Datenbanken sowie die Vervielf\u00e4ltigung.<\/p>\t\t\t\t\t\t\t\t<\/div>\n\t\t\t\t<\/div>\n\t\t\t\t\t<\/div>\n\t\t\t\t<\/div>\n\t\t\t\t<\/div>\n\t\t","protected":false},"excerpt":{"rendered":"<p>Impressum Fachverband: Shotokan Karatedo International Austrian Federation (SKIAF)Dachverband: Allgemeiner Sportverband Ober\u00f6sterreich (ASV\u00d6) ZVR-Zahl: 366 924 536 Vorstand: Mark Wittmann (Obmann), Josef Weixlberger (Obmann Stv.), Manfred Hammerer (Schriftf\u00fchrer), Irene Maier (Schriftf\u00fchrer Stv.), Herbert H\u00f6randner (Kassier), Gisela Stumpf (Kassier Stv.), Niklas Steinhuber (Jugendbeirat), Silke Papp (Elternbeirat), Herbert Schatzl (Rechnungspr\u00fcfer), Bettina Petermaier (Rechnungspr\u00fcfer) Vereinszweck: Der Verein, dessen T\u00e4tigkeit [&hellip;]<\/p>\n","protected":false},"author":2,"featured_media":0,"parent":0,"menu_order":0,"comment_status":"closed","ping_status":"closed","template":"","meta":{"footnotes":""},"class_list":["post-57","page","type-page","status-publish","hentry"],"blocksy_meta":[],"yoast_head":"<!-- This site is optimized with the Yoast SEO plugin v27.4 - https:\/\/yoast.com\/product\/yoast-seo-wordpress\/ -->\n<title>Impressum - Shotokan Karatedo Daikoku Ried<\/title>\n<meta name=\"description\" content=\"Impressum des Karatevereins Karatedo Daikoku Ried mit allen gesetzlich vorgeschriebenen Angaben, Kontaktdaten und rechtlichen Informationen.\" \/>\n<meta name=\"robots\" content=\"index, follow, max-snippet:-1, max-image-preview:large, max-video-preview:-1\" \/>\n<link rel=\"canonical\" href=\"https:\/\/karate.at\/ried\/impressum\/\" \/>\n<meta property=\"og:locale\" content=\"de_DE\" \/>\n<meta property=\"og:type\" content=\"article\" \/>\n<meta property=\"og:title\" content=\"Impressum - Shotokan Karatedo Daikoku Ried\" \/>\n<meta property=\"og:description\" content=\"Impressum des Karatevereins Karatedo Daikoku Ried mit allen gesetzlich vorgeschriebenen Angaben, Kontaktdaten und rechtlichen Informationen.\" \/>\n<meta property=\"og:url\" content=\"https:\/\/karate.at\/ried\/impressum\/\" \/>\n<meta property=\"og:site_name\" content=\"Shotokan Karatedo Daikoku Ried\" \/>\n<meta property=\"article:publisher\" content=\"https:\/\/www.facebook.com\/daikokukarateried\" \/>\n<meta property=\"article:modified_time\" content=\"2026-04-01T07:20:43+00:00\" \/>\n<meta property=\"og:image\" content=\"https:\/\/karate.at\/ried\/wp-content\/uploads\/2026\/02\/karate-daikoku-home.jpg\" \/>\n\t<meta property=\"og:image:width\" content=\"1200\" \/>\n\t<meta property=\"og:image:height\" content=\"676\" \/>\n\t<meta property=\"og:image:type\" content=\"image\/jpeg\" \/>\n<meta name=\"twitter:card\" content=\"summary_large_image\" \/>\n<meta name=\"twitter:label1\" content=\"Gesch\u00e4tzte Lesezeit\" \/>\n\t<meta name=\"twitter:data1\" content=\"1 Minute\" \/>\n<script type=\"application\/ld+json\" class=\"yoast-schema-graph\">{\"@context\":\"https:\\\/\\\/schema.org\",\"@graph\":[{\"@type\":\"WebPage\",\"@id\":\"https:\\\/\\\/karate.at\\\/ried\\\/impressum\\\/\",\"url\":\"https:\\\/\\\/karate.at\\\/ried\\\/impressum\\\/\",\"name\":\"Impressum - Shotokan Karatedo Daikoku Ried\",\"isPartOf\":{\"@id\":\"https:\\\/\\\/karate.at\\\/ried\\\/#website\"},\"datePublished\":\"2025-12-26T13:51:27+00:00\",\"dateModified\":\"2026-04-01T07:20:43+00:00\",\"description\":\"Impressum des Karatevereins Karatedo Daikoku Ried mit allen gesetzlich vorgeschriebenen Angaben, Kontaktdaten und rechtlichen Informationen.\",\"breadcrumb\":{\"@id\":\"https:\\\/\\\/karate.at\\\/ried\\\/impressum\\\/#breadcrumb\"},\"inLanguage\":\"de-AT\",\"potentialAction\":[{\"@type\":\"ReadAction\",\"target\":[\"https:\\\/\\\/karate.at\\\/ried\\\/impressum\\\/\"]}]},{\"@type\":\"BreadcrumbList\",\"@id\":\"https:\\\/\\\/karate.at\\\/ried\\\/impressum\\\/#breadcrumb\",\"itemListElement\":[{\"@type\":\"ListItem\",\"position\":1,\"name\":\"Startseite\",\"item\":\"https:\\\/\\\/karate.at\\\/ried\\\/\"},{\"@type\":\"ListItem\",\"position\":2,\"name\":\"Impressum\"}]},{\"@type\":\"WebSite\",\"@id\":\"https:\\\/\\\/karate.at\\\/ried\\\/#website\",\"url\":\"https:\\\/\\\/karate.at\\\/ried\\\/\",\"name\":\"Shotokan Karatedo Daikoku Ried\",\"description\":\"Shotokan Karatedo Daikoku Ried\",\"publisher\":{\"@id\":\"https:\\\/\\\/karate.at\\\/ried\\\/#organization\"},\"alternateName\":\"Karate Ried\",\"potentialAction\":[{\"@type\":\"SearchAction\",\"target\":{\"@type\":\"EntryPoint\",\"urlTemplate\":\"https:\\\/\\\/karate.at\\\/ried\\\/?s={search_term_string}\"},\"query-input\":{\"@type\":\"PropertyValueSpecification\",\"valueRequired\":true,\"valueName\":\"search_term_string\"}}],\"inLanguage\":\"de-AT\"},{\"@type\":\"Organization\",\"@id\":\"https:\\\/\\\/karate.at\\\/ried\\\/#organization\",\"name\":\"Shotokan Karatedo Daikoku Ried\",\"url\":\"https:\\\/\\\/karate.at\\\/ried\\\/\",\"logo\":{\"@type\":\"ImageObject\",\"inLanguage\":\"de-AT\",\"@id\":\"https:\\\/\\\/karate.at\\\/ried\\\/#\\\/schema\\\/logo\\\/image\\\/\",\"url\":\"https:\\\/\\\/karate.at\\\/ried\\\/wp-content\\\/uploads\\\/2026\\\/02\\\/logo-daikoku-ried-s-1.jpg\",\"contentUrl\":\"https:\\\/\\\/karate.at\\\/ried\\\/wp-content\\\/uploads\\\/2026\\\/02\\\/logo-daikoku-ried-s-1.jpg\",\"width\":401,\"height\":535,\"caption\":\"Shotokan Karatedo Daikoku Ried\"},\"image\":{\"@id\":\"https:\\\/\\\/karate.at\\\/ried\\\/#\\\/schema\\\/logo\\\/image\\\/\"},\"sameAs\":[\"https:\\\/\\\/www.facebook.com\\\/daikokukarateried\",\"https:\\\/\\\/www.instagram.com\\\/karate_ried\"]}]}<\/script>\n<!-- \/ Yoast SEO plugin. -->","yoast_head_json":{"title":"Impressum - Shotokan Karatedo Daikoku Ried","description":"Impressum des Karatevereins Karatedo Daikoku Ried mit allen gesetzlich vorgeschriebenen Angaben, Kontaktdaten und rechtlichen Informationen.","robots":{"index":"index","follow":"follow","max-snippet":"max-snippet:-1","max-image-preview":"max-image-preview:large","max-video-preview":"max-video-preview:-1"},"canonical":"https:\/\/karate.at\/ried\/impressum\/","og_locale":"de_DE","og_type":"article","og_title":"Impressum - Shotokan Karatedo Daikoku Ried","og_description":"Impressum des Karatevereins Karatedo Daikoku Ried mit allen gesetzlich vorgeschriebenen Angaben, Kontaktdaten und rechtlichen Informationen.","og_url":"https:\/\/karate.at\/ried\/impressum\/","og_site_name":"Shotokan Karatedo Daikoku Ried","article_publisher":"https:\/\/www.facebook.com\/daikokukarateried","article_modified_time":"2026-04-01T07:20:43+00:00","og_image":[{"width":1200,"height":676,"url":"https:\/\/karate.at\/ried\/wp-content\/uploads\/2026\/02\/karate-daikoku-home.jpg","type":"image\/jpeg"}],"twitter_card":"summary_large_image","twitter_misc":{"Gesch\u00e4tzte Lesezeit":"1 Minute"},"schema":{"@context":"https:\/\/schema.org","@graph":[{"@type":"WebPage","@id":"https:\/\/karate.at\/ried\/impressum\/","url":"https:\/\/karate.at\/ried\/impressum\/","name":"Impressum - Shotokan Karatedo Daikoku Ried","isPartOf":{"@id":"https:\/\/karate.at\/ried\/#website"},"datePublished":"2025-12-26T13:51:27+00:00","dateModified":"2026-04-01T07:20:43+00:00","description":"Impressum des Karatevereins Karatedo Daikoku Ried mit allen gesetzlich vorgeschriebenen Angaben, Kontaktdaten und rechtlichen Informationen.","breadcrumb":{"@id":"https:\/\/karate.at\/ried\/impressum\/#breadcrumb"},"inLanguage":"de-AT","potentialAction":[{"@type":"ReadAction","target":["https:\/\/karate.at\/ried\/impressum\/"]}]},{"@type":"BreadcrumbList","@id":"https:\/\/karate.at\/ried\/impressum\/#breadcrumb","itemListElement":[{"@type":"ListItem","position":1,"name":"Startseite","item":"https:\/\/karate.at\/ried\/"},{"@type":"ListItem","position":2,"name":"Impressum"}]},{"@type":"WebSite","@id":"https:\/\/karate.at\/ried\/#website","url":"https:\/\/karate.at\/ried\/","name":"Shotokan Karatedo Daikoku Ried","description":"Shotokan Karatedo Daikoku Ried","publisher":{"@id":"https:\/\/karate.at\/ried\/#organization"},"alternateName":"Karate Ried","potentialAction":[{"@type":"SearchAction","target":{"@type":"EntryPoint","urlTemplate":"https:\/\/karate.at\/ried\/?s={search_term_string}"},"query-input":{"@type":"PropertyValueSpecification","valueRequired":true,"valueName":"search_term_string"}}],"inLanguage":"de-AT"},{"@type":"Organization","@id":"https:\/\/karate.at\/ried\/#organization","name":"Shotokan Karatedo Daikoku Ried","url":"https:\/\/karate.at\/ried\/","logo":{"@type":"ImageObject","inLanguage":"de-AT","@id":"https:\/\/karate.at\/ried\/#\/schema\/logo\/image\/","url":"https:\/\/karate.at\/ried\/wp-content\/uploads\/2026\/02\/logo-daikoku-ried-s-1.jpg","contentUrl":"https:\/\/karate.at\/ried\/wp-content\/uploads\/2026\/02\/logo-daikoku-ried-s-1.jpg","width":401,"height":535,"caption":"Shotokan Karatedo Daikoku Ried"},"image":{"@id":"https:\/\/karate.at\/ried\/#\/schema\/logo\/image\/"},"sameAs":["https:\/\/www.facebook.com\/daikokukarateried","https:\/\/www.instagram.com\/karate_ried"]}]}},"_links":{"self":[{"href":"https:\/\/karate.at\/ried\/wp-json\/wp\/v2\/pages\/57","targetHints":{"allow":["GET"]}}],"collection":[{"href":"https:\/\/karate.at\/ried\/wp-json\/wp\/v2\/pages"}],"about":[{"href":"https:\/\/karate.at\/ried\/wp-json\/wp\/v2\/types\/page"}],"author":[{"embeddable":true,"href":"https:\/\/karate.at\/ried\/wp-json\/wp\/v2\/users\/2"}],"replies":[{"embeddable":true,"href":"https:\/\/karate.at\/ried\/wp-json\/wp\/v2\/comments?post=57"}],"version-history":[{"count":3,"href":"https:\/\/karate.at\/ried\/wp-json\/wp\/v2\/pages\/57\/revisions"}],"predecessor-version":[{"id":1706,"href":"https:\/\/karate.at\/ried\/wp-json\/wp\/v2\/pages\/57\/revisions\/1706"}],"wp:attachment":[{"href":"https:\/\/karate.at\/ried\/wp-json\/wp\/v2\/media?parent=57"}],"curies":[{"name":"wp","href":"https:\/\/api.w.org\/{rel}","templated":true}]}}