{"id":135,"date":"2023-03-20T06:41:30","date_gmt":"2023-03-20T06:41:30","guid":{"rendered":"https:\/\/karate.at\/wm2023\/?page_id=135"},"modified":"2023-04-05T06:58:00","modified_gmt":"2023-04-05T06:58:00","slug":"teamvorstellung","status":"publish","type":"page","link":"https:\/\/karate.at\/wm2023\/teamvorstellung\/","title":{"rendered":"Teamvorstellung"},"content":{"rendered":"\t\t<div data-elementor-type=\"wp-page\" data-elementor-id=\"135\" class=\"elementor elementor-135\" data-elementor-post-type=\"page\">\n\t\t\t\t\t\t\t\t\t<section class=\"elementor-section elementor-top-section elementor-element elementor-element-6754d6f elementor-section-boxed elementor-section-height-default elementor-section-height-default\" data-id=\"6754d6f\" data-element_type=\"section\">\n\t\t\t\t\t\t<div class=\"elementor-container elementor-column-gap-default\">\n\t\t\t\t\t<div class=\"elementor-column elementor-col-100 elementor-top-column elementor-element elementor-element-27dcc59\" data-id=\"27dcc59\" data-element_type=\"column\">\n\t\t\t<div class=\"elementor-widget-wrap elementor-element-populated\">\n\t\t\t\t\t\t\t\t<div class=\"elementor-element elementor-element-ab1dae9 elementor-widget elementor-widget-heading\" data-id=\"ab1dae9\" data-element_type=\"widget\" data-widget_type=\"heading.default\">\n\t\t\t\t<div class=\"elementor-widget-container\">\n\t\t\t<style>\/*! elementor - v3.15.0 - 20-08-2023 *\/\n.elementor-heading-title{padding:0;margin:0;line-height:1}.elementor-widget-heading .elementor-heading-title[class*=elementor-size-]>a{color:inherit;font-size:inherit;line-height:inherit}.elementor-widget-heading .elementor-heading-title.elementor-size-small{font-size:15px}.elementor-widget-heading .elementor-heading-title.elementor-size-medium{font-size:19px}.elementor-widget-heading .elementor-heading-title.elementor-size-large{font-size:29px}.elementor-widget-heading .elementor-heading-title.elementor-size-xl{font-size:39px}.elementor-widget-heading .elementor-heading-title.elementor-size-xxl{font-size:59px}<\/style><h3 class=\"elementor-heading-title elementor-size-default\">Das SKIAF Nationalteam stellt sich vor<\/h3>\t\t<\/div>\n\t\t\t\t<\/div>\n\t\t\t\t<div class=\"elementor-element elementor-element-35efb49 elementor-widget elementor-widget-text-editor\" data-id=\"35efb49\" data-element_type=\"widget\" data-widget_type=\"text-editor.default\">\n\t\t\t\t<div class=\"elementor-widget-container\">\n\t\t\t<style>\/*! elementor - v3.15.0 - 20-08-2023 *\/\n.elementor-widget-text-editor.elementor-drop-cap-view-stacked .elementor-drop-cap{background-color:#69727d;color:#fff}.elementor-widget-text-editor.elementor-drop-cap-view-framed .elementor-drop-cap{color:#69727d;border:3px solid;background-color:transparent}.elementor-widget-text-editor:not(.elementor-drop-cap-view-default) .elementor-drop-cap{margin-top:8px}.elementor-widget-text-editor:not(.elementor-drop-cap-view-default) .elementor-drop-cap-letter{width:1em;height:1em}.elementor-widget-text-editor .elementor-drop-cap{float:left;text-align:center;line-height:1;font-size:50px}.elementor-widget-text-editor .elementor-drop-cap-letter{display:inline-block}<\/style>\t\t\t\t<p>In diesem Jahr vertritt das Nationalteam des Shotokan Karate-Do International Austrian Federation (SKIAF) \u00d6sterreich bei den <a href=\"https:\/\/www.skif2023.hu\/\" target=\"_blank\" rel=\"noopener\">SKIF World Championships in Gy\u0151r, Ungarn<\/a>. Wir zeichnen uns durch unser Engagement und unsere Begeisterung am traditionellen Shotokan Karate-Do aus. Als Karateka mit langj\u00e4hriger Erfahrung bei nationalen und internationalen Meisterschaften, haben wir uns durch unsere vergangenen Erfolge und unsere Trainingsintensit\u00e4t zu den Weltmeisterschaften 2023 qualifiziert. Bei unz\u00e4hlbaren Vereinstrainings, fast w\u00f6chentlichen bundesweiten Lehrg\u00e4ngen, sowie zus\u00e4tzlichen Nationalteam-Trainings haben wir uns bestens auf unsere Ziele vorbereitet und nehmen die kommenden Herausforderungen mit Begeisterung an.<\/p><p><strong>Nationalteam bedeutet f\u00fcr uns:<\/strong><br \/>1) \u00d6sterreich einen internationalen Namen im Karate zu geben<br \/>2) Geistiger und k\u00f6rperlicher Einsatz vor, w\u00e4hrend und nach Wettk\u00e4mpfen<br \/>3) Begeisterung und Engagement am Karate zu zeigen und dies weiterzugeben<br \/>4) Im Team k\u00e4mpft man nie allein<\/p>\t\t\t\t\t\t<\/div>\n\t\t\t\t<\/div>\n\t\t\t\t\t<\/div>\n\t\t<\/div>\n\t\t\t\t\t\t\t<\/div>\n\t\t<\/section>\n\t\t\t\t<section class=\"elementor-section elementor-top-section elementor-element elementor-element-28feb79 elementor-section-boxed elementor-section-height-default elementor-section-height-default\" data-id=\"28feb79\" data-element_type=\"section\">\n\t\t\t\t\t\t<div class=\"elementor-container elementor-column-gap-default\">\n\t\t\t\t\t<div class=\"elementor-column elementor-col-100 elementor-top-column elementor-element elementor-element-2a472c6\" data-id=\"2a472c6\" data-element_type=\"column\">\n\t\t\t<div class=\"elementor-widget-wrap elementor-element-populated\">\n\t\t\t\t\t\t\t\t<div class=\"elementor-element elementor-element-16c1197 elementor-widget elementor-widget-image\" data-id=\"16c1197\" data-element_type=\"widget\" data-widget_type=\"image.default\">\n\t\t\t\t<div class=\"elementor-widget-container\">\n\t\t\t<style>\/*! elementor - v3.15.0 - 20-08-2023 *\/\n.elementor-widget-image{text-align:center}.elementor-widget-image a{display:inline-block}.elementor-widget-image a img[src$=\".svg\"]{width:48px}.elementor-widget-image img{vertical-align:middle;display:inline-block}<\/style>\t\t\t\t\t\t\t\t\t<figure class=\"wp-caption\">\n\t\t\t\t\t\t\t\t\t\t<img loading=\"lazy\" decoding=\"async\" width=\"800\" height=\"534\" src=\"https:\/\/karate.at\/wm2023\/wp-content\/uploads\/2023\/03\/207_DSC0820-1024x683.webp\" class=\"attachment-large size-large wp-image-66\" alt=\"\" srcset=\"https:\/\/karate.at\/wm2023\/wp-content\/uploads\/2023\/03\/207_DSC0820-1024x683.webp 1024w, https:\/\/karate.at\/wm2023\/wp-content\/uploads\/2023\/03\/207_DSC0820-300x200.webp 300w, https:\/\/karate.at\/wm2023\/wp-content\/uploads\/2023\/03\/207_DSC0820-768x512.webp 768w, https:\/\/karate.at\/wm2023\/wp-content\/uploads\/2023\/03\/207_DSC0820.webp 1200w\" sizes=\"auto, (max-width: 800px) 100vw, 800px\" \/>\t\t\t\t\t\t\t\t\t\t\t<figcaption class=\"widget-image-caption wp-caption-text\">Shotokan Karate-Do International Austrian Federation (SKIAF) Nationalteam &amp; Coaches von links nach rechts (Stand: 2022; SKIEF Europameisterschaften): Mario Magerle, Ad-mir Bajric, Ingrid Adler, Armin Paar, Svenja Rainer, Dominik Piereder, Vera Paar, Wilfried Pollheimer, Clemens Luger, Gabriel Kratzer, Florian Schnitzinger, Harald Axmann und Luca Brodinger.<\/figcaption>\n\t\t\t\t\t\t\t\t\t\t<\/figure>\n\t\t\t\t\t\t\t\t\t<\/div>\n\t\t\t\t<\/div>\n\t\t\t\t\t<\/div>\n\t\t<\/div>\n\t\t\t\t\t\t\t<\/div>\n\t\t<\/section>\n\t\t\t\t\t\t\t<\/div>\n\t\t","protected":false},"excerpt":{"rendered":"<p>Das SKIAF Nationalteam stellt sich vor In diesem Jahr vertritt das Nationalteam des Shotokan Karate-Do International Austrian Federation (SKIAF) \u00d6sterreich bei den SKIF World Championships in Gy\u0151r, Ungarn. Wir zeichnen uns durch unser Engagement und unsere Begeisterung am traditionellen Shotokan Karate-Do aus. Als Karateka mit langj\u00e4hriger Erfahrung bei nationalen und internationalen Meisterschaften, haben wir uns [&hellip;]<\/p>\n","protected":false},"author":1,"featured_media":0,"parent":0,"menu_order":0,"comment_status":"closed","ping_status":"closed","template":"","meta":{"footnotes":""},"class_list":["post-135","page","type-page","status-publish","hentry"],"_links":{"self":[{"href":"https:\/\/karate.at\/wm2023\/wp-json\/wp\/v2\/pages\/135","targetHints":{"allow":["GET"]}}],"collection":[{"href":"https:\/\/karate.at\/wm2023\/wp-json\/wp\/v2\/pages"}],"about":[{"href":"https:\/\/karate.at\/wm2023\/wp-json\/wp\/v2\/types\/page"}],"author":[{"embeddable":true,"href":"https:\/\/karate.at\/wm2023\/wp-json\/wp\/v2\/users\/1"}],"replies":[{"embeddable":true,"href":"https:\/\/karate.at\/wm2023\/wp-json\/wp\/v2\/comments?post=135"}],"version-history":[{"count":18,"href":"https:\/\/karate.at\/wm2023\/wp-json\/wp\/v2\/pages\/135\/revisions"}],"predecessor-version":[{"id":358,"href":"https:\/\/karate.at\/wm2023\/wp-json\/wp\/v2\/pages\/135\/revisions\/358"}],"wp:attachment":[{"href":"https:\/\/karate.at\/wm2023\/wp-json\/wp\/v2\/media?parent=135"}],"curies":[{"name":"wp","href":"https:\/\/api.w.org\/{rel}","templated":true}]}}